{"id":14478,"date":"2025-03-25T18:16:40","date_gmt":"2025-03-25T18:16:40","guid":{"rendered":"https:\/\/budaorsi.reformatus.hu\/?page_id=14478"},"modified":"2025-10-14T17:04:54","modified_gmt":"2025-10-14T17:04:54","slug":"hitvallasunk","status":"publish","type":"page","link":"https:\/\/budaorsi.reformatus.hu\/index.php\/hitvallasunk\/","title":{"rendered":"Hitvall\u00e1sunk"},"content":{"rendered":"<div id=\"cmsmasters_row_k7iu6hhi7k\" class=\"cmsmasters_row cmsmasters_color_scheme_default cmsmasters_row_top_default cmsmasters_row_bot_default cmsmasters_row_boxed\">\n<div class=\"cmsmasters_row_outer_parent\">\n<div class=\"cmsmasters_row_outer\">\n<div class=\"cmsmasters_row_inner\">\n<div class=\"cmsmasters_row_margin\">\n<div id=\"cmsmasters_column_kvnk7opvw\" class=\"cmsmasters_column one_first\">\n<div class=\"cmsmasters_column_inner\"><div class=\"aligncenter\"><div class=\"cmsmasters_img  cmsmasters_image_c\"><img decoding=\"async\" src=\"https:\/\/budaorsi.reformatus.hu\/wp-content\/uploads\/2025\/10\/5Sola-2-860x500.png\" \/><\/div><\/div><div id=\"cmsmasters_heading_42ql1w2yrg\" class=\"cmsmasters_heading_wrap cmsmasters_heading_align_left\">\n\t<h4 class=\"cmsmasters_heading\">Reform\u00e1tus hit\u00fcnk a lutheri reform\u00e1ci\u00f3, f\u0151leg K\u00e1lvin J\u00e1nos tan\u00edt\u00e1sai alapj\u00e1n form\u00e1l\u00f3dott, legjobban a Heidelbergi K\u00e1t\u00e9, valamint a II Helv\u00e9t Hitvall\u00e1s \u00edrja le.<\/h4>\n<\/div><div id=\"cmsmasters_heading_kg8mgc1vrl\" class=\"cmsmasters_heading_wrap cmsmasters_heading_align_left\">\n\t<h4 class=\"cmsmasters_heading\">Valljuk tov\u00e1bb\u00e1 az \u201e\u00f6t sola\u201d -t is, amely a reform\u00e1torok alapvet\u0151 teol\u00f3giai hit\u00e9t foglalja \u00f6ssze. A \u201esola\u201d latin kifejez\u00e9s, amelynek jelent\u00e9se: egyed\u00fcl, kiz\u00e1r\u00f3lag. Az \u201e\u00f6t sola\u201d a k\u00f6vetkez\u0151:<\/h4>\n<\/div><div id=\"cmsmasters_heading_gomjlzd2r\" class=\"cmsmasters_heading_wrap cmsmasters_heading_align_left\">\n\t<h3 class=\"cmsmasters_heading\">Sola Scriptura (Egyed\u00fcl a Szentir\u00e1s)<\/h3>\n<\/div><div class=\"cmsmasters_text\">\n<p style=\"text-align: left;\"><span style=\"font-weight: 400;\">Csak a Szent\u00edr\u00e1sban foglalt kijelent\u00e9seket fogadjuk el tekint\u00e9lyk\u00e9nt, \u00e9let\u00fcnk zsin\u00f3r-m\u00e9rt\u00e9kek\u00e9nt. Ezzel elhat\u00e1roljuk magunkat minden olyan felfog\u00e1st\u00f3l, amely a hagyom\u00e1nyokat, az egyh\u00e1zi tan\u00edt\u00e1st vagy b\u00e1rmi m\u00e1st a Szent\u00edr\u00e1s mell\u00e9 helyez.<\/span><\/p>\n<\/div>\n<div id=\"cmsmasters_heading_5ssakt7ueg\" class=\"cmsmasters_heading_wrap cmsmasters_heading_align_left\">\n\t<h3 class=\"cmsmasters_heading\">Sola Fide (Egyed\u00fcl hit \u00e1ltal)<\/h3>\n<\/div><div class=\"cmsmasters_text\">\n<p style=\"text-align: left;\"><span style=\"font-weight: 400;\">Csak Krisztus \u00e9rdem\u00e9\u00e9rt \u00e9s az ebben val\u00f3 hit \u00e1ltal \u00fcdv\u00f6z\u00fclhet\u00fcnk, b\u00e1rmilyen j\u00f3 cselekedetek sz\u00fcks\u00e9gess\u00e9ge n\u00e9lk\u00fcl. Val\u00f3j\u00e1ban a j\u00f3 cselekedetek bizony\u00edt\u00e9kai annak, hogy valaki hisz J\u00e9zus Krisztus \u00e1ldozat\u00e1ban \u00e9s nem el\u0151felt\u00e9telei a hitnek.<\/span><\/p>\n<\/div>\n<div id=\"cmsmasters_heading_7w0ibk8vzg\" class=\"cmsmasters_heading_wrap cmsmasters_heading_align_left\">\n\t<h3 class=\"cmsmasters_heading\">Sola Gratia (Egyed\u00fcl kegyelemb\u0151l)<\/h3>\n<\/div><div class=\"cmsmasters_text\">\n<p><span style=\"font-weight: 400;\">A reform\u00e1tusok hiszik, hogy az \u00fcdv\u00f6ss\u00e9g nem emberi teljes\u00edtm\u00e9nyt\u0151l, hanem Isten kegyelm\u00e9t\u0151l f\u00fcgg. Valljuk, hogy Isten minket egyed\u00fcl Krisztus kereszthal\u00e1l\u00e1\u00e9rt mentett fel a hal\u00e1los \u00edt\u00e9let al\u00f3l, ezt semmivel sem tudjuk ki\u00e9rdemelni, mert ezt kegyelemb\u0151l kapjuk aj\u00e1nd\u00e9kk\u00e9nt.<\/span><\/p>\n<\/div>\n<div id=\"cmsmasters_heading_8dfqm00zti\" class=\"cmsmasters_heading_wrap cmsmasters_heading_align_left\">\n\t<h3 class=\"cmsmasters_heading\">Solus Christus (Egyed\u00fcl J\u00e9zus Krisztus \u00e1ltal)<\/h3>\n<\/div><div class=\"cmsmasters_text\">\n<p style=\"text-align: left;\"><span style=\"font-weight: 400;\">Egyed\u00fcl Krisztus a k\u00f6zvet\u00edt\u0151 Isten \u00e9s ember k\u00f6z\u00f6tt, \u00edgy semmi m\u00e1son kereszt\u00fcl nem lehets\u00e9ges a k\u00f6zbenj\u00e1r\u00e1s vagy a megv\u00e1lt\u00e1s.<\/span> <span style=\"font-weight: 400;\">A reform\u00e1lt hit vallja, hogy a szentek tisztelete nem a Biblia szerint val\u00f3, \u00e9s egyed\u00fcli k\u00f6zbenj\u00e1r\u00f3 csak Krisztus.<\/span><\/p>\n<\/div>\n<div id=\"cmsmasters_heading_0ozfmjskgh\" class=\"cmsmasters_heading_wrap cmsmasters_heading_align_left\">\n\t<h3 class=\"cmsmasters_heading\">Soli Deo Gloria (Egyed\u00fcl Isten\u00e9 a dics\u0151s\u00e9g)<\/h3>\n<\/div><div class=\"cmsmasters_text\">\n<p><span style=\"font-weight: 400;\">Mindezek ut\u00e1n a dics\u0151s\u00e9g egyed\u00fcl Istennek j\u00e1r, mivel a megv\u00e1lt\u00e1s kiz\u00e1r\u00f3lag az \u0150 tette \u00e9s akarata \u00e1ltal ment v\u00e9gbe.<\/span><\/p>\n<\/div>\n<\/div><\/div>\n<\/div>\n<\/div>\n<\/div>\n<\/div>\n<\/div>\n\n","protected":false},"excerpt":{"rendered":"","protected":false},"author":1,"featured_media":0,"parent":0,"menu_order":0,"comment_status":"closed","ping_status":"closed","template":"","meta":{"footnotes":""},"class_list":["post-14478","page","type-page","status-publish","hentry"],"_links":{"self":[{"href":"https:\/\/budaorsi.reformatus.hu\/index.php\/wp-json\/wp\/v2\/pages\/14478","targetHints":{"allow":["GET"]}}],"collection":[{"href":"https:\/\/budaorsi.reformatus.hu\/index.php\/wp-json\/wp\/v2\/pages"}],"about":[{"href":"https:\/\/budaorsi.reformatus.hu\/index.php\/wp-json\/wp\/v2\/types\/page"}],"author":[{"embeddable":true,"href":"https:\/\/budaorsi.reformatus.hu\/index.php\/wp-json\/wp\/v2\/users\/1"}],"replies":[{"embeddable":true,"href":"https:\/\/budaorsi.reformatus.hu\/index.php\/wp-json\/wp\/v2\/comments?post=14478"}],"version-history":[{"count":14,"href":"https:\/\/budaorsi.reformatus.hu\/index.php\/wp-json\/wp\/v2\/pages\/14478\/revisions"}],"predecessor-version":[{"id":14718,"href":"https:\/\/budaorsi.reformatus.hu\/index.php\/wp-json\/wp\/v2\/pages\/14478\/revisions\/14718"}],"wp:attachment":[{"href":"https:\/\/budaorsi.reformatus.hu\/index.php\/wp-json\/wp\/v2\/media?parent=14478"}],"curies":[{"name":"wp","href":"https:\/\/api.w.org\/{rel}","templated":true}]}}