{"id":14491,"date":"2025-03-25T18:36:25","date_gmt":"2025-03-25T18:36:25","guid":{"rendered":"https:\/\/budaorsi.reformatus.hu\/?page_id=14491"},"modified":"2025-11-10T18:11:10","modified_gmt":"2025-11-10T18:11:10","slug":"kereszteles","status":"publish","type":"page","link":"https:\/\/budaorsi.reformatus.hu\/index.php\/kereszteles\/","title":{"rendered":"Keresztel\u00e9s"},"content":{"rendered":"<div id=\"cmsmasters_row_c9f7cuwd0f\" class=\"cmsmasters_row cmsmasters_color_scheme_default cmsmasters_row_top_default cmsmasters_row_bot_default cmsmasters_row_boxed\">\n<div class=\"cmsmasters_row_outer_parent\">\n<div class=\"cmsmasters_row_outer\">\n<div class=\"cmsmasters_row_inner\">\n<div class=\"cmsmasters_row_margin\">\n<div id=\"cmsmasters_column_54nchhvo2v\" class=\"cmsmasters_column one_first\">\n<div class=\"cmsmasters_column_inner\"><div class=\"cmsmasters_text\">\n<p><span style=\"font-weight: 400;\"><div id=\"cmsmasters_heading_hb1tzje0y\" class=\"cmsmasters_heading_wrap cmsmasters_heading_align_left\">\n\t<h3 class=\"cmsmasters_heading\">Kedves Csal\u00e1d!<\/h3>\n<\/div><\/span><\/p>\n<p style=\"text-align: left;\"><span style=\"font-weight: 400;\">Tal\u00e1n most az\u00e9rt kerest\u00e9tek fel a gy\u00fclekezet\u00fcnket, mert szeretn\u00e9tek, ha gyermeketek a Reform\u00e1tus k\u00f6z\u00f6ss\u00e9g\u00fcnkben lenne megkeresztelve. A legfontosabb k\u00e9rd\u00e9s ilyenkor az, hogy a sz\u00fcl\u0151k mi\u00e9rt is szeretn\u00e9k megkereszteltetni a kicsiket?\u00a0<\/span><\/p>\n<blockquote data-start=\"494\" data-end=\"700\">\n<p data-start=\"496\" data-end=\"700\"><em data-start=\"496\" data-end=\"678\">\u201eNekem adatott minden hatalom mennyen \u00e9s f\u00f6ld\u00f6n.<br data-start=\"545\" data-end=\"548\" \/>Menjetek el teh\u00e1t, tegyetek tan\u00edtv\u00e1nny\u00e1 minden n\u00e9pet,<br data-start=\"603\" data-end=\"606\" \/>megkeresztelve \u0151ket az Aty\u00e1nak, a Fi\u00fanak \u00e9s a Szentl\u00e9leknek nev\u00e9ben.\u201d<\/em><br data-start=\"678\" data-end=\"681\" \/><em data-start=\"683\" data-end=\"700\">(M\u00e1t\u00e9 28,18\u201319)<\/em><\/p>\n<\/blockquote>\n<h3 data-start=\"702\" data-end=\"753\">Mi\u00e9rt szeretn\u00e9nk megkeresztelni a gyermek\u00fcnket?<\/h3>\n<p data-start=\"755\" data-end=\"813\">Sok sz\u00fcl\u0151 k\u00fcl\u00f6nb\u00f6z\u0151 okokb\u00f3l keresztelteti meg gyermek\u00e9t:<\/p>\n<ul>\n<li data-start=\"816\" data-end=\"845\">\u201eEngem is megkereszteltek.\u201d<\/li>\n<li data-start=\"848\" data-end=\"864\">\u201eEz a szok\u00e1s.\u201d<\/li>\n<li data-start=\"867\" data-end=\"900\">\u201eA feles\u00e9gem\/any\u00f3som szeretn\u00e9.\u201d<\/li>\n<li data-start=\"903\" data-end=\"924\">\u201eNe legyen pog\u00e1ny.\u201d<\/li>\n<\/ul>\n<p data-start=\"926\" data-end=\"1226\">De a <strong data-start=\"931\" data-end=\"953\">kereszts\u00e9g l\u00e9nyege<\/strong> nem a szok\u00e1s, hanem <strong data-start=\"974\" data-end=\"1003\">J\u00e9zus parancsa \u00e9s \u00edg\u00e9rete<\/strong>:<br data-start=\"1004\" data-end=\"1007\" \/>A kereszts\u00e9g <strong data-start=\"1020\" data-end=\"1077\">J\u00e9zus megh\u00edv\u00e1sa arra, hogy kapcsolatba ker\u00fclj\u00fcnk vele<\/strong>,<br data-start=\"1078\" data-end=\"1081\" \/>\u00e9s <strong data-start=\"1084\" data-end=\"1125\">az \u0150 kegyelme megtiszt\u00edtson benn\u00fcnket<\/strong> \u2013 ahogyan a v\u00edz lemos minden szennyt,<br data-start=\"1163\" data-end=\"1166\" \/>\u00fagy <strong data-start=\"1170\" data-end=\"1200\">tiszt\u00edt meg J\u00e9zus a b\u0171nt\u0151l<\/strong> az \u0150 kereszthal\u00e1la \u00e1ltal.<\/p>\n<h3 data-start=\"1233\" data-end=\"1265\">A h\u00e1zass\u00e1gi gy\u0171r\u0171 p\u00e9ld\u00e1ja<\/h3>\n<p data-start=\"1267\" data-end=\"1516\">A <strong data-start=\"1269\" data-end=\"1278\">gy\u0171r\u0171<\/strong> nem maga a h\u00e1zass\u00e1g, hanem annak <strong data-start=\"1312\" data-end=\"1320\">jele<\/strong>.<br data-start=\"1321\" data-end=\"1324\" \/>Azt mutatja, hogy <strong data-start=\"1342\" data-end=\"1375\">kapcsolatban vagyok valakivel<\/strong>, akit szeretek.<br data-start=\"1391\" data-end=\"1394\" \/>Ugyan\u00edgy a <strong data-start=\"1405\" data-end=\"1419\">kereszts\u00e9g<\/strong> sem maga az \u00fcdv\u00f6ss\u00e9g, hanem <strong data-start=\"1448\" data-end=\"1464\">annak a jele<\/strong>,<br data-start=\"1465\" data-end=\"1468\" \/>hogy <strong data-start=\"1473\" data-end=\"1515\">kapcsolatban vagyunk J\u00e9zus Krisztussal<\/strong>.<\/p>\n<blockquote data-start=\"1518\" data-end=\"1618\">\n<p data-start=\"1520\" data-end=\"1618\"><em data-start=\"1520\" data-end=\"1599\">\u201eAki hisz \u00e9s megkeresztelkedik, \u00fcdv\u00f6z\u00fcl,<br data-start=\"1561\" data-end=\"1564\" \/>aki pedig nem hisz, elk\u00e1rhozik.\u201d<\/em><br data-start=\"1599\" data-end=\"1602\" \/><em data-start=\"1604\" data-end=\"1618\">(M\u00e1rk 16,16)<\/em><\/p>\n<\/blockquote>\n<p data-start=\"1620\" data-end=\"1729\">A hit az, ami megment \u2014<br data-start=\"1643\" data-end=\"1646\" \/>a kereszts\u00e9g <strong data-start=\"1659\" data-end=\"1685\">meger\u0151s\u00edti \u00e9s kifejezi<\/strong> ezt a hitet,<br data-start=\"1698\" data-end=\"1701\" \/>de <strong data-start=\"1704\" data-end=\"1724\">nem helyettes\u00edti<\/strong> azt.<\/p>\n<h3 data-start=\"1736\" data-end=\"1784\">A keresztel\u00e9s felt\u00e9telei gy\u00fclekezet\u00fcnkben<\/h3>\n<p data-start=\"1786\" data-end=\"1940\">Gy\u00fclekezet\u00fcnkben csak olyan sz\u00fcl\u0151k gyermek\u00e9t keresztelj\u00fck,<br data-start=\"1844\" data-end=\"1847\" \/>akik <strong data-start=\"1852\" data-end=\"1892\">rendszeresen j\u00e1rnak istentiszteletre<\/strong><br data-start=\"1892\" data-end=\"1895\" \/>\u00e9s <strong data-start=\"1898\" data-end=\"1937\">a gy\u00fclekezet k\u00f6z\u00f6ss\u00e9g\u00e9hez tartoznak<\/strong>.<\/p>\n<p data-start=\"1942\" data-end=\"2012\">Ez az\u00e9rt fontos, mert a kereszts\u00e9gn\u00e9l a sz\u00fcl\u0151k a k\u00f6vetkez\u0151 \u00edg\u00e9retet teszik:<\/p>\n<blockquote data-start=\"2014\" data-end=\"2211\">\n<p data-start=\"2016\" data-end=\"2211\"><em data-start=\"2016\" data-end=\"2211\">\u201e\u00cdg\u00e9rem \u00e9s fogadom, hogy gyermekemet \u00fagy nevelem \u00e9s neveltetem,<br data-start=\"2080\" data-end=\"2083\" \/>hogy ha feln\u0151, Isten kegyelme \u00e1ltal \u0151 maga \u00f6nk\u00e9nt tegyen vall\u00e1st<br data-start=\"2149\" data-end=\"2152\" \/>a Szenth\u00e1roms\u00e1g Istenbe vetett hit\u00e9r\u0151l a gy\u00fclekezetben.\u201d<\/em><\/p>\n<\/blockquote>\n<p data-start=\"2213\" data-end=\"2287\">Ez az \u00edg\u00e9ret csak akkor hiteles, ha a sz\u00fcl\u0151k is <strong data-start=\"2261\" data-end=\"2286\">akt\u00edv hit\u00e9letet \u00e9lnek<\/strong>.<\/p>\n<h4 data-start=\"2289\" data-end=\"2329\">Gyermekkeresztel\u00e9s h\u00e1rom felt\u00e9tele:<\/h4>\n<ol>\n<li data-start=\"2333\" data-end=\"2356\">A sz\u00fcl\u0151k <strong data-start=\"2342\" data-end=\"2353\">h\u00e1zasok<\/strong>.<\/li>\n<li data-start=\"2360\" data-end=\"2428\">Legal\u00e1bb az egyik sz\u00fcl\u0151 <strong data-start=\"2384\" data-end=\"2398\">reform\u00e1tus<\/strong> \u00e9s <strong data-start=\"2402\" data-end=\"2425\">meg van keresztelve<\/strong>.<\/li>\n<li data-start=\"2432\" data-end=\"2503\">Legal\u00e1bb az egyik sz\u00fcl\u0151 <strong data-start=\"2456\" data-end=\"2500\">a Buda\u00f6rsi Reform\u00e1tus Egyh\u00e1zk\u00f6zs\u00e9g tagja<\/strong>.<\/li>\n<\/ol>\n<hr data-start=\"2505\" data-end=\"2508\" \/>\n<h3 data-start=\"2510\" data-end=\"2536\">Felk\u00e9sz\u00edt\u0151 alkalmak<\/h3>\n<p data-start=\"2538\" data-end=\"2818\">Ha a fenti felt\u00e9telek k\u00f6z\u00fcl valamelyik m\u00e9g nem teljes\u00fcl, <strong data-start=\"2595\" data-end=\"2617\">nem kell megijedni<\/strong>.<br data-start=\"2618\" data-end=\"2621\" \/>Szeretettel h\u00edvunk <strong data-start=\"2640\" data-end=\"2692\">egy\u00e9ni vagy csoportos felk\u00e9sz\u00edt\u0151 besz\u00e9lget\u00e9sekre<\/strong>,<br data-start=\"2693\" data-end=\"2696\" \/>ahol sz\u00f3 lesz a <strong data-start=\"2712\" data-end=\"2761\">hit, a kereszts\u00e9g, a Biblia \u00e9s a csal\u00e1di \u00e9let<\/strong> k\u00e9rd\u00e9seir\u0151l.<br data-start=\"2774\" data-end=\"2777\" \/>Az id\u0151pontokat <strong data-start=\"2792\" data-end=\"2817\">egy\u00e9nileg egyeztetj\u00fck<\/strong>.<\/p>\n<hr data-start=\"2820\" data-end=\"2823\" \/>\n<h3 data-start=\"2825\" data-end=\"2852\">Kapcsolat \u00e9s adatlap<\/h3>\n<p data-start=\"2854\" data-end=\"2929\"><strong data-start=\"2857\" data-end=\"2868\">E-mail:<\/strong> <a class=\"decorated-link cursor-pointer\" rel=\"noopener\" data-start=\"2869\" data-end=\"2895\">czako.zoltan@reformatus.hu<\/a><br data-start=\"2895\" data-end=\"2898\" \/><strong data-start=\"2901\" data-end=\"2913\">Telefon:<\/strong> 06 23 415 205<\/p>\n<p><span style=\"font-weight: 400;\">Keresztel\u00e9si adatlap let\u00f6lt\u00e9se<\/span><\/p>\n<\/div>\n<\/div><\/div>\n<\/div>\n<\/div>\n<\/div>\n<\/div>\n<\/div>\n\n","protected":false},"excerpt":{"rendered":"","protected":false},"author":1,"featured_media":0,"parent":0,"menu_order":0,"comment_status":"closed","ping_status":"closed","template":"","meta":{"footnotes":""},"class_list":["post-14491","page","type-page","status-publish","hentry"],"_links":{"self":[{"href":"https:\/\/budaorsi.reformatus.hu\/index.php\/wp-json\/wp\/v2\/pages\/14491","targetHints":{"allow":["GET"]}}],"collection":[{"href":"https:\/\/budaorsi.reformatus.hu\/index.php\/wp-json\/wp\/v2\/pages"}],"about":[{"href":"https:\/\/budaorsi.reformatus.hu\/index.php\/wp-json\/wp\/v2\/types\/page"}],"author":[{"embeddable":true,"href":"https:\/\/budaorsi.reformatus.hu\/index.php\/wp-json\/wp\/v2\/users\/1"}],"replies":[{"embeddable":true,"href":"https:\/\/budaorsi.reformatus.hu\/index.php\/wp-json\/wp\/v2\/comments?post=14491"}],"version-history":[{"count":12,"href":"https:\/\/budaorsi.reformatus.hu\/index.php\/wp-json\/wp\/v2\/pages\/14491\/revisions"}],"predecessor-version":[{"id":14905,"href":"https:\/\/budaorsi.reformatus.hu\/index.php\/wp-json\/wp\/v2\/pages\/14491\/revisions\/14905"}],"wp:attachment":[{"href":"https:\/\/budaorsi.reformatus.hu\/index.php\/wp-json\/wp\/v2\/media?parent=14491"}],"curies":[{"name":"wp","href":"https:\/\/api.w.org\/{rel}","templated":true}]}}