{"id":14500,"date":"2025-03-25T18:45:13","date_gmt":"2025-03-25T18:45:13","guid":{"rendered":"https:\/\/budaorsi.reformatus.hu\/?page_id=14500"},"modified":"2025-11-12T13:14:30","modified_gmt":"2025-11-12T13:14:30","slug":"temetes","status":"publish","type":"page","link":"https:\/\/budaorsi.reformatus.hu\/index.php\/temetes\/","title":{"rendered":"Temet\u00e9s"},"content":{"rendered":"<div id=\"cmsmasters_row_dmw3rvrz8\" class=\"cmsmasters_row cmsmasters_color_scheme_default cmsmasters_row_top_default cmsmasters_row_bot_default cmsmasters_row_boxed\">\n<div class=\"cmsmasters_row_outer_parent\">\n<div class=\"cmsmasters_row_outer\">\n<div class=\"cmsmasters_row_inner\">\n<div class=\"cmsmasters_row_margin\">\n<div id=\"cmsmasters_column_f6phpd7yyp\" class=\"cmsmasters_column one_first\">\n<div class=\"cmsmasters_column_inner\"><div class=\"aligncenter\"><div class=\"cmsmasters_img  cmsmasters_image_c\"><img decoding=\"async\" src=\"https:\/\/budaorsi.reformatus.hu\/wp-content\/uploads\/2025\/10\/graveyard-background-concept-860x500.jpg\" \/><\/div><\/div><div class=\"cmsmasters_text\">\n<p>&nbsp;<\/p>\n<p><i><span style=\"font-weight: 400;\">\u201eVan-e olyan ember, aki \u00e9letben maradhat, \u00e9s nem l\u00e1t hal\u00e1lt, aki megmenek\u00fclhet a holtak haz\u00e1j\u00e1t\u00f3l?\u201d (Zsolt 89,48)<\/span><\/i><\/p>\n<p><span style=\"font-weight: 400;\">\u00a0\u00a0\u00a0\u00a0\u00a0\u00a0\u00a0\u00a0<\/span> <span style=\"font-weight: 400;\">Jogosan teszi fel a k\u00e9rd\u00e9st a zsolt\u00e1r\u00edr\u00f3, de a legrosszabb az, amikor ezt a k\u00e9rd\u00e9st a saj\u00e1t b\u0151r\u00fcnk\u00f6n tapasztaljuk meg akkor, amikor egy szerett\u00fcnket elengedt\u00fck. Sok minden kavarodik ilyenkor az emberben a \u201emi\u00e9rt?\u201d vagy \u201ehogyan engedhette ezt Isten\u201d k\u00e9rd\u00e9sig, ak\u00e1r a v\u00e1dol\u00e1sig is eljuthatunk.<\/span><\/p>\n<p><span style=\"font-weight: 400;\">\u00a0\u00a0\u00a0\u00a0\u00a0\u00a0\u00a0\u00a0<\/span> <span style=\"font-weight: 400;\">J\u00f3 tiszt\u00e1ban lenni azzal is, hogy Isten a hal\u00e1l felett is \u00dar, \u00e9s ezzel a f\u00e1jdalommal is lehet hozz\u00e1 j\u00f6nni. J\u00e9zus Urunk \u00edgy mondja egy helyen: <\/span><i><span style=\"font-weight: 400;\">\u201eJ\u00f6jjetek \u00e9nhozz\u00e1m mindny\u00e1jan, aki megf\u00e1radtatok, \u00e9s meg vagytok terhelve, \u00e9s \u00e9n megnyugv\u00e1st adok nektek.\u201d (Mt 11,28).<\/span><\/i><\/p>\n<p><b>Felt\u00e9telek:<\/b><\/p>\n<p><span style=\"font-weight: 400;\">A temet\u00e9s elv\u00e9gz\u00e9s\u00e9nek nincsenek felt\u00e9telei, net\u00e1n kiz\u00e1r\u00f3 okai (ellent\u00e9tben pl. a keresztel\u00e9ssel, konfirm\u00e1l\u00e1ssal, h\u00e1zass\u00e1gk\u00f6t\u00e9s meg\u00e1ld\u00e1s\u00e1val, amelyek eset\u00e9ben bizonyos krit\u00e9riumoknak meg kell felelni).<\/span><\/p>\n<p><span style=\"font-weight: 400;\">A temet\u00e9s teh\u00e1t nincs felt\u00e9telekhez k\u00f6tve. A lelk\u00e9sz eltemet m\u00e1s felekezet\u0171t, s\u0151t adott esetben m\u00e9g ateist\u00e1t is, ha a csal\u00e1dtagok felk\u00e9rik erre. Temethet m\u00e1s felekezet\u0171, vagy vil\u00e1gi tulajdon\u00fa temet\u0151ben, vagy ak\u00e1r m\u00e1s telep\u00fcl\u00e9sen is az ottani lelk\u00e9sszel t\u00f6rt\u00e9nt egyeztet\u00e9s ut\u00e1n.<\/span><\/p>\n<p><span style=\"font-weight: 400;\">Egy valamivel azonban mindenkinek j\u00f3 tiszt\u00e1ban lennie. A lelkip\u00e1sztor gy\u00e1szistentiszteletet tart. Nem \u201eb\u00facs\u00faztat\u201d, nem az elhunyt szem\u00e9ly\u00e9nek m\u00e9ltat\u00e1sa a feladata. Isten szolg\u00e1i Isten ig\u00e9j\u00e9t hirdetik, vagyis a temet\u0151ben is istentiszteletet tartanak. A kereszty\u00e9n rem\u00e9nys\u00e9gr\u0151l sz\u00f3lunk: felt\u00e1mad\u00e1sr\u00f3l \u00e9s \u00f6r\u00f6k \u00e9letr\u0151l. Az \u00c9let Ur\u00e1t hirdetj\u00fck, aki legy\u0151zte a hal\u00e1lt, \u00e9s nek\u00fcnk is \u00fcdv\u00f6ss\u00e9get hozott. C\u00e9lunk a vigasztal\u00e1s \u00e9s annak felmutat\u00e1sa, hogy van Valaki, akihez menek\u00fclhet\u00fcnk f\u00e1jdalmainkkal &#8211; van Valaki, aki tud \u00e9s akar seg\u00edteni.<\/span><\/p>\n<p><b>El\u0151k\u00e9sz\u00fcletek:<\/b><\/p>\n<p><span style=\"font-weight: 400;\">A temetkez\u00e9si v\u00e1llalatok a temet\u00e9s int\u00e9z\u00e9sekor egyeztetnek a lelk\u00e9sszel \u00e9s a gy\u00e1szol\u00f3 csal\u00e1ddal, meg\u00e1llapodnak a temet\u00e9s pontos id\u0151pontj\u00e1ban. Ez ut\u00e1n kell felvenni a kapcsolatot a Lelk\u00e9szi Hivatallal telefonon, e-mail-ben. A megbesz\u00e9lt id\u0151pontban a Lelk\u00e9szi Hivatalban a temet\u00e9st v\u00e9gz\u0151 lelk\u00e9sz felveszi az anyak\u00f6nyvi adatokat \u00e9s ismerkedik az elhunyt \u00e9let\u00e9vel \u00e9s csal\u00e1dj\u00e1val.<\/span><\/p>\n<p><b>A szertart\u00e1s:<\/b><\/p>\n<p><span style=\"font-weight: 400;\">A temet\u00e9si istentisztelet szok\u00e1sos liturgi\u00e1ja (hagyom\u00e1nyos kopors\u00f3s temet\u00e9s eset\u00e9n)<\/span><\/p>\n<p><b>A ravataln\u00e1l:<\/b><\/p>\n<ul>\n<li><span style=\"font-weight: 400;\">Apostoli k\u00f6sz\u00f6nt\u00e9s<\/span><\/li>\n<li><span style=\"font-weight: 400;\">\u00c9nek<\/span><\/li>\n<li><span style=\"font-weight: 400;\">Im\u00e1ds\u00e1g<\/span><\/li>\n<li><span style=\"font-weight: 400;\">Textus (az igehirdet\u00e9s alapig\u00e9je)<\/span><\/li>\n<li><span style=\"font-weight: 400;\">Igehirdet\u00e9s<\/span><\/li>\n<li><span style=\"font-weight: 400;\">Im\u00e1ds\u00e1g<\/span><\/li>\n<li><span style=\"font-weight: 400;\">\u00dari im\u00e1ds\u00e1g (Mi aty\u00e1nk &#8230;)<\/span><\/li>\n<li><span style=\"font-weight: 400;\">\u00c9nek<\/span><\/li>\n<li><span style=\"font-weight: 400;\">\u00c1ld\u00e1s<\/span><\/li>\n<\/ul>\n<p><b>A s\u00edrn\u00e1l:<\/b><\/p>\n<ul>\n<li><span style=\"font-weight: 400;\">Foh\u00e1sz<\/span><\/li>\n<li><span style=\"font-weight: 400;\">A felt\u00e1mad\u00e1s \u00e9s a kereszty\u00e9n rem\u00e9nys\u00e9g alapj\u00e1t ad\u00f3 bibliai ig\u00e9k<\/span><\/li>\n<li><span style=\"font-weight: 400;\">Apostoli Hitvall\u00e1s<\/span><\/li>\n<li><span style=\"font-weight: 400;\">Elb\u00facs\u00faz\u00e1s<\/span><\/li>\n<li><span style=\"font-weight: 400;\">\u00c1ld\u00e1s<\/span><\/li>\n<li><span style=\"font-weight: 400;\">\u00c9nek (hantol\u00e1s alatt)<\/span><\/li>\n<li><span style=\"font-weight: 400;\">Megh\u00edv\u00e1s istentiszteletre, elk\u00f6sz\u00f6n\u00e9s (r\u00e9szv\u00e9tnyilv\u00e1n\u00edt\u00e1s megkezd\u00e9se)<\/span><\/li>\n<\/ul>\n<p><b>A temet\u00e9st k\u00f6vet\u0151en:<\/b><\/p>\n<p><span style=\"font-weight: 400;\">A reform\u00e1tus egyh\u00e1zban nem tartunk k\u00fcl\u00f6n gy\u00e1szmis\u00e9t, de a gy\u00e1szol\u00f3kat minden alkalommal megh\u00edvjuk a temet\u00e9st k\u00f6vet\u0151 vas\u00e1rnap d\u00e9lel\u0151tti istentiszteletre, ahol im\u00e1ds\u00e1gban megeml\u00e9kez\u00fcnk az elhunytr\u00f3l \u00e9s im\u00e1dkozunk a gy\u00e1szol\u00f3k vigasztal\u00e1s\u00e1\u00e9rt.<\/span><\/p>\n<p><b>Temet\u00e9s d\u00edja:\u00a0<\/b>30.000 Ft<\/p>\n<p>&nbsp;<\/p>\n<p><strong>Temet\u00e9s bejelent\u00e9se az al\u00e1bbi el\u00e9rhet\u0151s\u00e9gek egyik\u00e9n:<\/strong><\/p>\n<p>Telefon: 06 23 415 205<\/p>\n<p><span style=\"font-weight: 400;\">E-mail: czako.zoltan@reformatus.hu<\/span><\/p>\n<\/div>\n<\/div><\/div>\n<\/div>\n<\/div>\n<\/div>\n<\/div>\n<\/div>\n\n","protected":false},"excerpt":{"rendered":"","protected":false},"author":1,"featured_media":0,"parent":0,"menu_order":0,"comment_status":"closed","ping_status":"closed","template":"","meta":{"footnotes":""},"class_list":["post-14500","page","type-page","status-publish","hentry"],"_links":{"self":[{"href":"https:\/\/budaorsi.reformatus.hu\/index.php\/wp-json\/wp\/v2\/pages\/14500","targetHints":{"allow":["GET"]}}],"collection":[{"href":"https:\/\/budaorsi.reformatus.hu\/index.php\/wp-json\/wp\/v2\/pages"}],"about":[{"href":"https:\/\/budaorsi.reformatus.hu\/index.php\/wp-json\/wp\/v2\/types\/page"}],"author":[{"embeddable":true,"href":"https:\/\/budaorsi.reformatus.hu\/index.php\/wp-json\/wp\/v2\/users\/1"}],"replies":[{"embeddable":true,"href":"https:\/\/budaorsi.reformatus.hu\/index.php\/wp-json\/wp\/v2\/comments?post=14500"}],"version-history":[{"count":9,"href":"https:\/\/budaorsi.reformatus.hu\/index.php\/wp-json\/wp\/v2\/pages\/14500\/revisions"}],"predecessor-version":[{"id":14916,"href":"https:\/\/budaorsi.reformatus.hu\/index.php\/wp-json\/wp\/v2\/pages\/14500\/revisions\/14916"}],"wp:attachment":[{"href":"https:\/\/budaorsi.reformatus.hu\/index.php\/wp-json\/wp\/v2\/media?parent=14500"}],"curies":[{"name":"wp","href":"https:\/\/api.w.org\/{rel}","templated":true}]}}