{"id":14504,"date":"2025-03-25T18:46:54","date_gmt":"2025-03-25T18:46:54","guid":{"rendered":"https:\/\/budaorsi.reformatus.hu\/?page_id=14504"},"modified":"2025-11-10T18:16:36","modified_gmt":"2025-11-10T18:16:36","slug":"konfirmacio","status":"publish","type":"page","link":"https:\/\/budaorsi.reformatus.hu\/index.php\/konfirmacio\/","title":{"rendered":"Konfirm\u00e1ci\u00f3"},"content":{"rendered":"<div id=\"cmsmasters_row_u6vmcpjd8\" class=\"cmsmasters_row cmsmasters_color_scheme_default cmsmasters_row_top_default cmsmasters_row_bot_default cmsmasters_row_boxed\">\n<div class=\"cmsmasters_row_outer_parent\">\n<div class=\"cmsmasters_row_outer\">\n<div class=\"cmsmasters_row_inner\">\n<div class=\"cmsmasters_row_margin\">\n<div id=\"cmsmasters_column_u4b5oe7fs7\" class=\"cmsmasters_column one_first\">\n<div class=\"cmsmasters_column_inner\"><div class=\"cmsmasters_text\">\n<h2 data-start=\"179\" data-end=\"202\">Mi a konfirm\u00e1ci\u00f3?<\/h2>\n<p data-start=\"204\" data-end=\"299\">A <em data-start=\"206\" data-end=\"219\">konfirm\u00e1ci\u00f3<\/em> latin eredet\u0171 sz\u00f3, jelent\u00e9se: <strong data-start=\"250\" data-end=\"267\">\u201emeger\u0151s\u00edt\u00e9s\u201d<\/strong> \u2014 hit\u00fcnk meger\u0151s\u00edt\u00e9s\u00e9t jelenti.<\/p>\n<h3 data-start=\"301\" data-end=\"326\">Mit er\u0151s\u00edt\u00fcnk meg?<\/h3>\n<p data-start=\"328\" data-end=\"675\">Egyr\u00e9szt felv\u00e9rtezz\u00fck magunkat <strong data-start=\"337\" data-end=\"349\">tud\u00e1ssal<\/strong>.<br data-start=\"350\" data-end=\"353\" \/>A konfirm\u00e1ci\u00f3 oktat\u00e1st jelent: a <strong data-start=\"386\" data-end=\"420\">Szent\u00edr\u00e1sb\u00f3l tanulunk Istenr\u0151l<\/strong>, \u00e9s elsaj\u00e1t\u00edtjuk mindazt, ami sz\u00fcks\u00e9ges \u00e9s hasznos a kereszty\u00e9n hitben val\u00f3 n\u00f6veked\u00e9shez.<br data-start=\"510\" data-end=\"513\" \/>Ezeken az alkalmakon olyan k\u00e9rd\u00e9seket is fel lehet tenni, <strong data-start=\"571\" data-end=\"616\">amelyeket a mindennapi \u00e9letben nem \u00e9rt\u00fcnk<\/strong> \u2013 \u00e9s egy\u00fctt keress\u00fck a v\u00e1laszt: <em data-start=\"649\" data-end=\"675\">mit mond err\u0151l a Biblia?<\/em><\/p>\n<p data-start=\"677\" data-end=\"878\">M\u00e1sr\u00e9szt a hit <strong data-start=\"692\" data-end=\"709\">nemcsak tud\u00e1s<\/strong>, hanem <strong data-start=\"717\" data-end=\"752\">sz\u00edvb\u00e9li bizalom is Isten ir\u00e1nt<\/strong>.<br data-start=\"753\" data-end=\"756\" \/>Rem\u00e9nys\u00e9g\u00fcnk, hogy a konfirm\u00e1ci\u00f3s felk\u00e9sz\u00fcl\u00e9s seg\u00edt abban, hogy <strong data-start=\"820\" data-end=\"877\">Isten J\u00e9zus Krisztusban szem\u00e9lyess\u00e9 v\u00e1ljon sz\u00e1motokra<\/strong>.<\/p>\n<hr data-start=\"880\" data-end=\"883\" \/>\n<h3 data-start=\"885\" data-end=\"920\">A konfirm\u00e1ci\u00f3s oktat\u00e1s rendje<\/h3>\n<p data-start=\"922\" data-end=\"1108\">Gy\u00fclekezet\u00fcnkben a fiatalok konfirm\u00e1ci\u00f3s oktat\u00e1sa <strong data-start=\"972\" data-end=\"989\">k\u00e9t \u00e9vig tart<\/strong>,<br data-start=\"990\" data-end=\"993\" \/>minden \u00e9vben <strong data-start=\"1006\" data-end=\"1030\">okt\u00f3bert\u0151l p\u00fcnk\u00f6sdig<\/strong>.<br data-start=\"1031\" data-end=\"1034\" \/>\u00c1ltal\u00e1ban <strong data-start=\"1044\" data-end=\"1067\">7. oszt\u00e1lyos korban<\/strong> kezdj\u00fck, de k\u00e9s\u0151bb is lehet csatlakozni.<\/p>\n<p data-start=\"1110\" data-end=\"1130\">A felk\u00e9sz\u00fcl\u00e9s sor\u00e1n:<\/p>\n<ul data-start=\"1131\" data-end=\"1314\">\n<li data-start=\"1131\" data-end=\"1166\">\n<p data-start=\"1133\" data-end=\"1166\">megismerked\u00fcnk a <strong data-start=\"1150\" data-end=\"1163\">Bibli\u00e1val<\/strong>,<\/p>\n<\/li>\n<li data-start=\"1167\" data-end=\"1237\">\n<p data-start=\"1169\" data-end=\"1237\">megismerj\u00fck <strong data-start=\"1181\" data-end=\"1200\">gy\u00fclekezet\u00fcnket<\/strong> \u00e9s <strong data-start=\"1204\" data-end=\"1234\">reform\u00e1tus hit\u00fcnk alapjait<\/strong>,<\/p>\n<\/li>\n<li data-start=\"1238\" data-end=\"1314\">\n<p data-start=\"1240\" data-end=\"1314\"><strong data-start=\"1240\" data-end=\"1255\">kir\u00e1ndulunk<\/strong>, <strong data-start=\"1257\" data-end=\"1269\">j\u00e1tszunk<\/strong>, \u00e9s <strong data-start=\"1274\" data-end=\"1313\">bekapcsol\u00f3dunk a gy\u00fclekezet \u00e9let\u00e9be<\/strong>.<\/p>\n<\/li>\n<\/ul>\n<p data-start=\"1316\" data-end=\"1382\"><strong data-start=\"1319\" data-end=\"1331\">Id\u0151pont:<\/strong> vas\u00e1rnap reggel <strong data-start=\"1348\" data-end=\"1356\">9:00<\/strong>, az istentisztelet el\u0151tt.<\/p>\n<hr data-start=\"1384\" data-end=\"1387\" \/>\n<h3 data-start=\"1389\" data-end=\"1439\">Ny\u00e1ri t\u00e1bor \u00e9s konfirm\u00e1ci\u00f3i istentisztelet<\/h3>\n<p data-start=\"1441\" data-end=\"1572\">Ny\u00e1ron <strong data-start=\"1448\" data-end=\"1472\">t\u00e1bort is szervez\u00fcnk<\/strong> a konfisoknak, ahol egy hetet t\u00f6lt\u00fcnk egy\u00fctt,<br data-start=\"1518\" data-end=\"1521\" \/>jobban megismerve egym\u00e1st \u00e9s elm\u00e9ly\u00edtve hit\u00fcnket.<\/p>\n<p data-start=\"1574\" data-end=\"1739\">A <strong data-start=\"1576\" data-end=\"1616\">konfirm\u00e1ci\u00f3i istentiszteletet \u0151sszel<\/strong> tartjuk,<br data-start=\"1625\" data-end=\"1628\" \/>ekkor a konfirmandusok <strong data-start=\"1651\" data-end=\"1673\">fogadalmat tesznek<\/strong>,<br data-start=\"1674\" data-end=\"1677\" \/>\u00e9s ezzel <strong data-start=\"1686\" data-end=\"1738\">reform\u00e1tus egyh\u00e1zunk teljes jog\u00fa tagjaiv\u00e1 v\u00e1lnak<\/strong>.<\/p>\n<hr data-start=\"1741\" data-end=\"1744\" \/>\n<blockquote data-start=\"1746\" data-end=\"2018\">\n<p data-start=\"1748\" data-end=\"2018\"><em data-start=\"1748\" data-end=\"1990\">\u201eMert \u0151benne kiv\u00e1lasztott minket mag\u00e1nak m\u00e1r a vil\u00e1g teremt\u00e9se el\u0151tt,<br data-start=\"1818\" data-end=\"1821\" \/>hogy szentek \u00e9s feddhetetlenek legy\u00fcnk el\u0151tte szeretetben.<br data-start=\"1881\" data-end=\"1884\" \/>El\u0151re el is hat\u00e1rozta, hogy fiaiv\u00e1 fogad minket J\u00e9zus Krisztus \u00e1ltal,<br data-start=\"1955\" data-end=\"1958\" \/>akarata \u00e9s tetsz\u00e9se szerint\u2026\u201d<\/em><br data-start=\"1990\" data-end=\"1993\" \/><em data-start=\"1995\" data-end=\"2018\">(Efezusi lev\u00e9l 1,4\u20135)<\/em><\/p>\n<\/blockquote>\n<hr data-start=\"2020\" data-end=\"2023\" \/>\n<h3 data-start=\"2025\" data-end=\"2043\">Jelentkez\u00e9s<\/h3>\n<p data-start=\"2045\" data-end=\"2112\">Telefon: <strong data-start=\"2054\" data-end=\"2071\">06 23 415 205<\/strong><br data-start=\"2071\" data-end=\"2074\" \/>E-mail: <strong data-start=\"2082\" data-end=\"2112\"><a class=\"decorated-link cursor-pointer\" rel=\"noopener\" data-start=\"2084\" data-end=\"2110\">czako.zoltan@reformatus.hu<\/a><\/strong><\/p>\n<\/div>\n<\/div><\/div>\n<\/div>\n<\/div>\n<\/div>\n<\/div>\n<\/div>\n\n","protected":false},"excerpt":{"rendered":"","protected":false},"author":1,"featured_media":0,"parent":0,"menu_order":0,"comment_status":"closed","ping_status":"closed","template":"","meta":{"footnotes":""},"class_list":["post-14504","page","type-page","status-publish","hentry"],"_links":{"self":[{"href":"https:\/\/budaorsi.reformatus.hu\/index.php\/wp-json\/wp\/v2\/pages\/14504","targetHints":{"allow":["GET"]}}],"collection":[{"href":"https:\/\/budaorsi.reformatus.hu\/index.php\/wp-json\/wp\/v2\/pages"}],"about":[{"href":"https:\/\/budaorsi.reformatus.hu\/index.php\/wp-json\/wp\/v2\/types\/page"}],"author":[{"embeddable":true,"href":"https:\/\/budaorsi.reformatus.hu\/index.php\/wp-json\/wp\/v2\/users\/1"}],"replies":[{"embeddable":true,"href":"https:\/\/budaorsi.reformatus.hu\/index.php\/wp-json\/wp\/v2\/comments?post=14504"}],"version-history":[{"count":7,"href":"https:\/\/budaorsi.reformatus.hu\/index.php\/wp-json\/wp\/v2\/pages\/14504\/revisions"}],"predecessor-version":[{"id":14906,"href":"https:\/\/budaorsi.reformatus.hu\/index.php\/wp-json\/wp\/v2\/pages\/14504\/revisions\/14906"}],"wp:attachment":[{"href":"https:\/\/budaorsi.reformatus.hu\/index.php\/wp-json\/wp\/v2\/media?parent=14504"}],"curies":[{"name":"wp","href":"https:\/\/api.w.org\/{rel}","templated":true}]}}