{"id":14508,"date":"2025-03-25T18:48:12","date_gmt":"2025-03-25T18:48:12","guid":{"rendered":"https:\/\/budaorsi.reformatus.hu\/?page_id=14508"},"modified":"2025-11-12T13:08:31","modified_gmt":"2025-11-12T13:08:31","slug":"eskuvo","status":"publish","type":"page","link":"https:\/\/budaorsi.reformatus.hu\/index.php\/eskuvo\/","title":{"rendered":"Esk\u00fcv\u0151"},"content":{"rendered":"<div id=\"cmsmasters_row_4t7ipmogps\" class=\"cmsmasters_row cmsmasters_color_scheme_default cmsmasters_row_top_default cmsmasters_row_bot_default cmsmasters_row_boxed\">\n<div class=\"cmsmasters_row_outer_parent\">\n<div class=\"cmsmasters_row_outer\">\n<div class=\"cmsmasters_row_inner\">\n<div class=\"cmsmasters_row_margin\">\n<div id=\"cmsmasters_column_2n9zx0ppfc\" class=\"cmsmasters_column one_first\">\n<div class=\"cmsmasters_column_inner\"><div class=\"aligncenter\"><div class=\"cmsmasters_img  cmsmasters_image_c\"><img decoding=\"async\" src=\"https:\/\/budaorsi.reformatus.hu\/wp-content\/uploads\/2025\/03\/templomter-1-860x500.png\" \/><\/div><\/div><div class=\"cmsmasters_text\">\n<h3><\/h3>\n<h3><strong>Kedves Jegyesp\u00e1rok!<\/strong><\/h3>\n<p><span style=\"font-weight: 400;\">Szeretettel k\u00f6sz\u00f6nt\u00fcnk benneteket a Buda\u00f6rsi Reform\u00e1tus Gy\u00fclekezetben! <\/span><\/p>\n<p><span style=\"font-weight: 400;\">Ha ezeket a sorokat olvass\u00e1tok, val\u00f3sz\u00edn\u0171leg komoly elhat\u00e1roz\u00e1s sz\u00fcletett bennetek egym\u00e1s fel\u00e9. Nem v\u00e9letlen\u00fcl \u00e9rzitek \u00edgy, hiszen a Biblia els\u0151 lapjain a k\u00f6vetkez\u0151ket olvassuk: <\/span><\/p>\n<p><i><span style=\"font-weight: 400;\">\u201eNem j\u00f3 az embernek egyed\u00fcl lenni, alkotok hozz\u00e1ill\u0151 seg\u00edt\u0151t\u00e1rsat.\u201d (1M\u00f3z 2,18). <\/span><\/i><\/p>\n<p><span style=\"font-weight: 400;\">Mindenki keresi azt a szem\u00e9lyt, akit szerethet \u00e9s aki viszont szeret. Ez Isten aj\u00e1nd\u00e9ka, mert <strong data-start=\"854\" data-end=\"911\">\u0150 helyezte bel\u00e9nk a v\u00e1gyat a szeretetre \u00e9s k\u00f6z\u00f6ss\u00e9gre<\/strong>.<\/span><\/p>\n<p><span style=\"font-weight: 400;\">A h\u00e1zass\u00e1g ez\u00e9rt <strong data-start=\"932\" data-end=\"950\">isteni eredet\u0171<\/strong>, hiszen Isten f\u00e9rfiv\u00e1 \u00e9s n\u0151v\u00e9 teremtette az embert, hogy<br data-start=\"1007\" data-end=\"1010\" \/><strong data-start=\"1010\" data-end=\"1044\">egym\u00e1st megismerve \u00e9s szeretve<\/strong> \u00e9lj\u00e9k le az \u00e9let\u00fcket.<\/span><\/p>\n<h3>Neh\u00e9zs\u00e9gek \u00e9s \u00fatmutat\u00e1s<\/h3>\n<p data-start=\"1105\" data-end=\"1328\">Ahogy tapasztaljuk, minden kapcsolatban lehetnek neh\u00e9zs\u00e9gek, f\u00e9lre\u00e9rt\u00e9sek, \u00f6sszez\u00f6rren\u00e9sek.<br data-start=\"1196\" data-end=\"1199\" \/>A Biblia ezt <strong data-start=\"1212\" data-end=\"1222\">b\u0171nnek<\/strong> nevezi, \u00e9s ez a h\u00e1zass\u00e1gokat is \u00e9rinti.<br data-start=\"1262\" data-end=\"1265\" \/>Hiszen k\u00e9t ember, k\u00e9t akarat, k\u00e9t \u00e9let \u2014 \u00e9s m\u00e9gis egy k\u00f6z\u00f6s \u00fat.<\/p>\n<blockquote data-start=\"1330\" data-end=\"1398\">\n<p data-start=\"1332\" data-end=\"1398\">A k\u00e9rd\u00e9s sokszor ez: <em data-start=\"1353\" data-end=\"1367\">Ki engedjen?<\/em> Csak az egyik, vagy mindkett\u0151?<\/p>\n<\/blockquote>\n<p><span style=\"font-weight: 400;\">A Szent\u00edr\u00e1s ebben is ad \u00fatmutat\u00e1st: a leend\u0151 h\u00e1zasoknak azzal kell tiszt\u00e1ban lenni\u00fck, hogy <strong>mindketten b\u0171n\u00f6s emberek<\/strong>, \u00e9s ez hat\u00e1ssal van a kapcsolatukra is. A megold\u00e1s a b\u0171nvall\u00e1s \u00e9s az, hogy kapcsolatba ker\u00fclj\u00fcnk az \u00e9l\u0151 Istennel, aki az \u00e9let\u00e9t adta \u00e9rt\u00fcnk a kereszten. <\/span><\/p>\n<p><span style=\"font-weight: 400;\">Ha egy h\u00e1zasp\u00e1r a Megv\u00e1lt\u00f3 \u00darral ker\u00fcl kapcsolatba, k\u00f6nnyebben meg tudnak old\u00f3dni a konfliktusok. Nem fognak elt\u0171nni, de megold\u00f3dhatnak, ha a p\u00e1r el\u0151sz\u00f6r Isten el\u0151tt borul le al\u00e1zatosan im\u00e1ds\u00e1gban.\u00a0<\/span><\/p>\n<h3>Jegyesoktat\u00e1s<\/h3>\n<p><span style=\"font-weight: 400;\">A h\u00e1zass\u00e1got gy\u00fclekezet\u00fcnkben felk\u00e9sz\u00edt\u00e9s (jegyesoktat\u00e1s) el\u0151zi meg, ahol a Bibli\u00e1r\u00f3l, Istenr\u0151l, h\u00e1zass\u00e1gr\u00f3l besz\u00e9lgethetnek k\u00f6tetlen\u00fcl a jegyesp\u00e1rok a lelkip\u00e1sztorral.<\/span><\/p>\n<h3>Az egyh\u00e1zi esk\u00fcv\u0151 felt\u00e9telei<\/h3>\n<p><span style=\"font-weight: 400;\">A magyar t\u00f6rv\u00e9nyek szerint h\u00e1zass\u00e1got csak az anyak\u00f6nyvvezet\u0151 k\u00f6thet. A Magyarorsz\u00e1gi Reform\u00e1tus Egyh\u00e1z pedig a m\u00e1r megk\u00f6ttetett h\u00e1zass\u00e1gra k\u00e9ri Isten \u00e1ld\u00e1s\u00e1t. <\/span><b>Az esk\u00fcv\u0151i szertart\u00e1s megtart\u00e1s\u00e1nak k\u00e9t felt\u00e9tele van:<\/b><\/p>\n<p><span style=\"font-weight: 400;\">&#8211;<\/span><span style=\"font-weight: 400;\">\u00a0 \u00a0 \u00a0 \u00a0 \u00a0 <\/span><span style=\"font-weight: 400;\">anyak\u00f6nyvvezet\u0151n\u00e9l m\u00e1r el\u0151z\u0151leg megk\u00f6t\u00f6tt h\u00e1zass\u00e1g (vagy ez t\u00f6rt\u00e9nhet a templomban is az esk\u00fcv\u0151i szertart\u00e1s keret\u00e9ben)<\/span><\/p>\n<p><span style=\"font-weight: 400;\">&#8211;<\/span><span style=\"font-weight: 400;\">\u00a0 \u00a0 \u00a0 \u00a0 \u00a0 <\/span><span style=\"font-weight: 400;\">a jegyesp\u00e1r r\u00e9szt vesz az esk\u00fcv\u0151t megel\u0151z\u0151 felk\u00e9sz\u00edt\u00e9sben.<\/span><\/p>\n<p><b>Az esk\u00fcv\u0151 d\u00edja:<\/b><\/p>\n<p>A <strong data-start=\"2520\" data-end=\"2559\">Buda\u00f6rsi Reform\u00e1tus Egyh\u00e1zk\u00f6zs\u00e9gben<\/strong> az esk\u00fcv\u0151 d\u00edja <strong data-start=\"2575\" data-end=\"2588\">50 000 Ft<\/strong>,<br data-start=\"2589\" data-end=\"2592\" \/>mely tartalmazza a <strong data-start=\"2611\" data-end=\"2634\">templom haszn\u00e1lat\u00e1t<\/strong> \u00e9s a <strong data-start=\"2640\" data-end=\"2671\">jegyesfelk\u00e9sz\u00edt\u0151 alkalmakat<\/strong>.<\/p>\n<p><span style=\"font-weight: 400;\">\u00a0<\/span><\/p>\n<p><span style=\"font-weight: 400;\">Jelentkez\u00e9s az al\u00e1bbi el\u00e9rhet\u0151s\u00e9gek egyik\u00e9n:<\/span><\/p>\n<p>Telefon: 06 23 415 205<\/p>\n<p>E-mail: czako.zoltan@reformatus.hu<\/p>\n<\/div>\n<\/div><\/div>\n<\/div>\n<\/div>\n<\/div>\n<\/div>\n<\/div>\n\n","protected":false},"excerpt":{"rendered":"","protected":false},"author":1,"featured_media":0,"parent":0,"menu_order":0,"comment_status":"closed","ping_status":"closed","template":"","meta":{"footnotes":""},"class_list":["post-14508","page","type-page","status-publish","hentry"],"_links":{"self":[{"href":"https:\/\/budaorsi.reformatus.hu\/index.php\/wp-json\/wp\/v2\/pages\/14508","targetHints":{"allow":["GET"]}}],"collection":[{"href":"https:\/\/budaorsi.reformatus.hu\/index.php\/wp-json\/wp\/v2\/pages"}],"about":[{"href":"https:\/\/budaorsi.reformatus.hu\/index.php\/wp-json\/wp\/v2\/types\/page"}],"author":[{"embeddable":true,"href":"https:\/\/budaorsi.reformatus.hu\/index.php\/wp-json\/wp\/v2\/users\/1"}],"replies":[{"embeddable":true,"href":"https:\/\/budaorsi.reformatus.hu\/index.php\/wp-json\/wp\/v2\/comments?post=14508"}],"version-history":[{"count":8,"href":"https:\/\/budaorsi.reformatus.hu\/index.php\/wp-json\/wp\/v2\/pages\/14508\/revisions"}],"predecessor-version":[{"id":14911,"href":"https:\/\/budaorsi.reformatus.hu\/index.php\/wp-json\/wp\/v2\/pages\/14508\/revisions\/14911"}],"wp:attachment":[{"href":"https:\/\/budaorsi.reformatus.hu\/index.php\/wp-json\/wp\/v2\/media?parent=14508"}],"curies":[{"name":"wp","href":"https:\/\/api.w.org\/{rel}","templated":true}]}}