{"id":14512,"date":"2025-03-25T18:49:27","date_gmt":"2025-03-25T18:49:27","guid":{"rendered":"https:\/\/budaorsi.reformatus.hu\/?page_id=14512"},"modified":"2025-11-10T18:41:13","modified_gmt":"2025-11-10T18:41:13","slug":"lelkigondozas","status":"publish","type":"page","link":"https:\/\/budaorsi.reformatus.hu\/index.php\/lelkigondozas\/","title":{"rendered":"Lelkigondoz\u00e1s"},"content":{"rendered":"<div id=\"cmsmasters_row_2hyqmzumx\" class=\"cmsmasters_row cmsmasters_color_scheme_default cmsmasters_row_top_default cmsmasters_row_bot_default cmsmasters_row_boxed\">\n<div class=\"cmsmasters_row_outer_parent\">\n<div class=\"cmsmasters_row_outer\">\n<div class=\"cmsmasters_row_inner\">\n<div class=\"cmsmasters_row_margin\">\n<div id=\"cmsmasters_column_mrbjreh70v\" class=\"cmsmasters_column one_first\">\n<div class=\"cmsmasters_column_inner\"><div class=\"cmsmasters_text\">\n<p data-start=\"399\" data-end=\"692\">Az \u00e9letben mindannyian szembes\u00fcl\u00fcnk neh\u00e9zs\u00e9gekkel \u2013 ak\u00e1r akarjuk, ak\u00e1r nem.<br data-start=\"474\" data-end=\"477\" \/>Munkahelyi \u00e9s csal\u00e1di konfliktusok, betegs\u00e9gek, vesztes\u00e9gek mind meg\u00e9rinthetnek benn\u00fcnket. A legf\u00e1jdalmasabb tal\u00e1n, amikor a csal\u00e1dunkban t\u00e1mad fesz\u00fclts\u00e9g, hiszen ott \u00e9l\u00fcnk egy\u00fctt, \u00e9s nem tudjuk elker\u00fclni egym\u00e1st.<\/p>\n<p data-start=\"694\" data-end=\"1137\">A <strong data-start=\"696\" data-end=\"709\">Szent\u00edr\u00e1s<\/strong> arr\u00f3l besz\u00e9l, hogy minden konfliktusunk gy\u00f6kere abban rejlik, hogy <strong data-start=\"777\" data-end=\"807\">nem ismerj\u00fck igaz\u00e1n Istent<\/strong> \u2013 vagy nem akarjuk \u0150t megismerni.<br data-start=\"841\" data-end=\"844\" \/>Ez\u00e9rt h\u00edv minket arra, hogy <strong data-start=\"872\" data-end=\"925\">el\u0151sz\u00f6r az Istennel val\u00f3 kapcsolatunkat rendezz\u00fck<\/strong>, mert csak \u00edgy v\u00e1lhat lehets\u00e9gess\u00e9 az, hogy az <strong data-start=\"973\" data-end=\"1015\">emberi kapcsolataink is helyre\u00e1lljanak<\/strong>.<br data-start=\"1016\" data-end=\"1019\" \/>Ez sem mindig k\u00f6nny\u0171, hiszen egy kapcsolat rendez\u00e9s\u00e9hez k\u00e9t f\u00e9lre van sz\u00fcks\u00e9g \u2013 de Isten seg\u00edt elindulni ezen az \u00faton.<\/p>\n<h3 data-start=\"1139\" data-end=\"1175\">Betegs\u00e9g \u00e9s vesztes\u00e9g idej\u00e9n<\/h3>\n<p data-start=\"1177\" data-end=\"1327\">A betegs\u00e9g sokszor m\u00e9g a kapcsolati neh\u00e9zs\u00e9gekn\u00e9l is nehezebb teher. Ilyenkor az ember hajlamos kevesebbnek \u00e9rezni mag\u00e1t, \u00e9s megfogalmaz\u00f3dhat benne:<\/p>\n<blockquote data-start=\"1328\" data-end=\"1403\">\n<p data-start=\"1330\" data-end=\"1403\">\u201eMi\u00e9rt vagyok m\u00e9g itt?\u201d<br data-start=\"1353\" data-end=\"1356\" \/>\u201eMilyen \u00e9let az ilyen?\u201d<br data-start=\"1381\" data-end=\"1384\" \/>\u201eMinek \u00e9lek m\u00e9g?\u201d<\/p>\n<\/blockquote>\n<p data-start=\"1405\" data-end=\"1570\">Pedig <strong data-start=\"1411\" data-end=\"1450\">Isten szem\u00e9ben minden ember \u00e9rt\u00e9kes<\/strong>.<br data-start=\"1451\" data-end=\"1454\" \/>Nem tesz k\u00fcl\u00f6nbs\u00e9get eg\u00e9szs\u00e9ges \u00e9s beteg k\u00f6z\u00f6tt, mert \u0150 mindannyiunkat szeret \u2013 \u00e9s a szenved\u00e9sben sem hagy magunkra.<\/p>\n<p data-start=\"1572\" data-end=\"1759\">A hal\u00e1l pedig eml\u00e9keztet minket arra, hogy <strong data-start=\"1615\" data-end=\"1642\">az \u00e9let nem tart \u00f6r\u00f6kk\u00e9<\/strong>. El kell engedn\u00fcnk szeretteinket \u2013 ez term\u00e9szetes, de f\u00e1jdalmas.<br data-start=\"1707\" data-end=\"1710\" \/>Ebben a gy\u00e1szban J\u00e9zus szavai adnak vigasztal\u00e1st:<\/p>\n<blockquote data-start=\"1761\" data-end=\"1892\">\n<p data-start=\"1763\" data-end=\"1892\">\u201eJ\u00f6jjetek \u00e9nhozz\u00e1m mindny\u00e1jan, akik megf\u00e1radtatok \u00e9s meg vagytok terhelve,<br data-start=\"1837\" data-end=\"1840\" \/>\u00e9s \u00e9n megnyugv\u00e1st adok nektek.\u201d<br data-start=\"1873\" data-end=\"1876\" \/><em data-start=\"1878\" data-end=\"1892\">(M\u00e1t\u00e9 11,28)<\/em><\/p>\n<\/blockquote>\n<hr data-start=\"1894\" data-end=\"1897\" \/>\n<p data-start=\"1936\" data-end=\"2212\">B\u00e1rmilyen helyzetben is vagy, <strong data-start=\"1966\" data-end=\"2009\">seg\u00edthet, ha van valaki, aki meghallgat<\/strong> \u2013<br data-start=\"2011\" data-end=\"2014\" \/>egy besz\u00e9lget\u00e9s, ahol nem kell megfelelni, csak \u0151szint\u00e9nek lenni.<br data-start=\"2079\" data-end=\"2082\" \/>Ha tan\u00e1csra, b\u00e1tor\u00edt\u00e1sra vagy egyszer\u0171en csak figyelemre van sz\u00fcks\u00e9ged,<br data-start=\"2153\" data-end=\"2156\" \/><strong data-start=\"2156\" data-end=\"2171\">ne halogasd<\/strong>: keresd fel lelkigondoz\u00f3nkat bizalommal.<\/p>\n<hr data-start=\"2214\" data-end=\"2217\" \/>\n<h3 data-start=\"2219\" data-end=\"2265\">Lelkigondoz\u00f3i besz\u00e9lget\u00e9sre jelentkez\u00e9s<\/h3>\n<p data-start=\"2267\" data-end=\"2334\">Telefon: <strong data-start=\"2276\" data-end=\"2293\">06 23 415 205<\/strong><br data-start=\"2293\" data-end=\"2296\" \/>E-mail: <strong data-start=\"2304\" data-end=\"2334\"><a class=\"decorated-link cursor-pointer\" rel=\"noopener\" data-start=\"2306\" data-end=\"2332\">czako.zoltan@reformatus.hu<\/a><\/strong><\/p>\n<\/div>\n<\/div><\/div>\n<\/div>\n<\/div>\n<\/div>\n<\/div>\n<\/div>\n\n","protected":false},"excerpt":{"rendered":"","protected":false},"author":1,"featured_media":0,"parent":0,"menu_order":0,"comment_status":"closed","ping_status":"closed","template":"","meta":{"footnotes":""},"class_list":["post-14512","page","type-page","status-publish","hentry"],"_links":{"self":[{"href":"https:\/\/budaorsi.reformatus.hu\/index.php\/wp-json\/wp\/v2\/pages\/14512","targetHints":{"allow":["GET"]}}],"collection":[{"href":"https:\/\/budaorsi.reformatus.hu\/index.php\/wp-json\/wp\/v2\/pages"}],"about":[{"href":"https:\/\/budaorsi.reformatus.hu\/index.php\/wp-json\/wp\/v2\/types\/page"}],"author":[{"embeddable":true,"href":"https:\/\/budaorsi.reformatus.hu\/index.php\/wp-json\/wp\/v2\/users\/1"}],"replies":[{"embeddable":true,"href":"https:\/\/budaorsi.reformatus.hu\/index.php\/wp-json\/wp\/v2\/comments?post=14512"}],"version-history":[{"count":4,"href":"https:\/\/budaorsi.reformatus.hu\/index.php\/wp-json\/wp\/v2\/pages\/14512\/revisions"}],"predecessor-version":[{"id":14907,"href":"https:\/\/budaorsi.reformatus.hu\/index.php\/wp-json\/wp\/v2\/pages\/14512\/revisions\/14907"}],"wp:attachment":[{"href":"https:\/\/budaorsi.reformatus.hu\/index.php\/wp-json\/wp\/v2\/media?parent=14512"}],"curies":[{"name":"wp","href":"https:\/\/api.w.org\/{rel}","templated":true}]}}