{"id":14517,"date":"2025-03-25T18:53:03","date_gmt":"2025-03-25T18:53:03","guid":{"rendered":"https:\/\/budaorsi.reformatus.hu\/?page_id=14517"},"modified":"2025-11-10T18:03:53","modified_gmt":"2025-11-10T18:03:53","slug":"imaora","status":"publish","type":"page","link":"https:\/\/budaorsi.reformatus.hu\/index.php\/imaora\/","title":{"rendered":"Ima\u00f3ra"},"content":{"rendered":"<div id=\"cmsmasters_row_7rctiskb5o\" class=\"cmsmasters_row cmsmasters_color_scheme_default cmsmasters_row_top_default cmsmasters_row_bot_default cmsmasters_row_boxed\">\n<div class=\"cmsmasters_row_outer_parent\">\n<div class=\"cmsmasters_row_outer\">\n<div class=\"cmsmasters_row_inner\">\n<div class=\"cmsmasters_row_margin\">\n<div id=\"cmsmasters_column_8zca4oz1vl\" class=\"cmsmasters_column one_first\">\n<div class=\"cmsmasters_column_inner\"><div id=\"cmsmasters_heading_j072quq8a\" class=\"cmsmasters_heading_wrap cmsmasters_heading_align_center\">\n\t<h2 class=\"cmsmasters_heading\">Ima\u00f3ra<\/h2>\n<\/div><div class=\"aligncenter\"><div class=\"cmsmasters_img  cmsmasters_image_c\"><img decoding=\"async\" src=\"https:\/\/budaorsi.reformatus.hu\/wp-content\/uploads\/2025\/10\/prayer-1308663-860x500.jpg\" \/><\/div><\/div><div class=\"cmsmasters_text\">\n<p>&nbsp;<\/p>\n<p><em>&#8222;\u00c9s a hitb\u0151l fakad\u00f3 im\u00e1ds\u00e1g megszabad\u00edtja a szenved\u0151t, az \u00dar felseg\u00edti \u0151t, s\u0151t ha b\u0171nt k\u00f6vetett is el, bocs\u00e1natot nyer. Vallj\u00e1tok meg az\u00e9rt egym\u00e1snak b\u0171neiteket, \u00e9s im\u00e1dkozzatok egym\u00e1s\u00e9rt, hogy meggy\u00f3gyuljatok. Nagy az ereje az igaz ember buzg\u00f3 k\u00f6ny\u00f6rg\u00e9s\u00e9nek.&#8221;<\/em> Jakab 5:15-16<\/p>\n<p data-start=\"449\" data-end=\"718\">Tal\u00e1n ez az alkalom <strong data-start=\"469\" data-end=\"506\">az egyik legkev\u00e9sb\u00e9 komolyan vett<\/strong>, pedig <strong data-start=\"514\" data-end=\"532\">a legfontosabb<\/strong>.<br data-start=\"533\" data-end=\"536\" \/>A gy\u00fclekezeti \u00e9let <strong data-start=\"555\" data-end=\"579\">Isten el\u0151tt kezd\u0151dik, <\/strong>amikor <strong data-start=\"589\" data-end=\"618\">leborulunk el\u0151tte h\u00e1l\u00e1val<\/strong>,<br data-start=\"619\" data-end=\"622\" \/>\u00e9s <strong data-start=\"625\" data-end=\"657\">k\u00e9rj\u00fck \u0150t, hogy munk\u00e1lkodjon<\/strong>: el\u0151sz\u00f6r benn\u00fcnk, azt\u00e1n rajtunk kereszt\u00fcl m\u00e1sok \u00e9let\u00e9ben is.<\/p>\n<hr data-start=\"720\" data-end=\"723\" \/>\n<h3 data-start=\"725\" data-end=\"757\">Mir\u0151l sz\u00f3l ez az alkalom?<\/h3>\n<p data-start=\"759\" data-end=\"812\">Az imak\u00f6z\u00f6ss\u00e9gben <strong data-start=\"777\" data-end=\"809\">egym\u00e1st <\/strong><strong data-start=\"777\" data-end=\"809\">hordozzuk im\u00e1ds\u00e1gban<\/strong>:<\/p>\n<ul>\n<li data-start=\"815\" data-end=\"846\">az <strong data-start=\"818\" data-end=\"843\">id\u0151seket \u00e9s betegeket<\/strong>,<\/li>\n<li data-start=\"849\" data-end=\"881\">a <strong data-start=\"851\" data-end=\"878\">h\u00e1zasokat \u00e9s fiatalokat<\/strong>,<\/li>\n<li data-start=\"884\" data-end=\"920\">a <strong data-start=\"886\" data-end=\"917\">gy\u00fclekezet eg\u00e9sz k\u00f6z\u00f6ss\u00e9g\u00e9t<\/strong>.<\/li>\n<\/ul>\n<p data-start=\"922\" data-end=\"1035\">Itt <strong data-start=\"926\" data-end=\"974\">Isten el\u00e9 vihetj\u00fck \u00f6r\u00f6meinket \u00e9s b\u00e1natainkat<\/strong>,<br data-start=\"975\" data-end=\"978\" \/>hogy egy\u00fctt viselj\u00fck a terheket \u00e9s egy\u00fctt adjunk h\u00e1l\u00e1t.<\/p>\n<p data-start=\"1037\" data-end=\"1224\">K\u00f6z\u00f6sen k\u00e9rj\u00fck Istent, hogy <strong data-start=\"1065\" data-end=\"1132\">Buda\u00f6rs\u00f6n min\u00e9l t\u00f6bben megismerj\u00e9k az \u0150 kegyelm\u00e9t \u00e9s szeretet\u00e9t<\/strong>,<br data-start=\"1133\" data-end=\"1136\" \/>amely <strong data-start=\"1142\" data-end=\"1182\">J\u00e9zus Krisztus golgotai keresztj\u00e9ben<\/strong> v\u00e1lt l\u00e1that\u00f3v\u00e1 \u00e9s egy\u00e9rtelm\u0171v\u00e9 sz\u00e1munkra.<\/p>\n<blockquote data-start=\"1226\" data-end=\"1319\">\n<div data-start=\"1228\" data-end=\"1319\">H\u00edvunk minden testv\u00e9rt, hogy j\u00f6jj\u00f6n el,<br data-start=\"1267\" data-end=\"1270\" \/>\u00e9s egy\u00fctt keress\u00fck Isten k\u00f6zels\u00e9g\u00e9t im\u00e1ds\u00e1gban!<\/div>\n<\/blockquote>\n<hr data-start=\"1321\" data-end=\"1324\" \/>\n<p>Id\u0151pont: Kedd &#8211; 18:00<\/p>\n<p>Helysz\u00edn: Gy\u00fclekezeti terem<\/p>\n<\/div>\n<\/div><\/div>\n<\/div>\n<\/div>\n<\/div>\n<\/div>\n<\/div>\n\n","protected":false},"excerpt":{"rendered":"","protected":false},"author":1,"featured_media":0,"parent":0,"menu_order":0,"comment_status":"closed","ping_status":"closed","template":"","meta":{"footnotes":""},"class_list":["post-14517","page","type-page","status-publish","hentry"],"_links":{"self":[{"href":"https:\/\/budaorsi.reformatus.hu\/index.php\/wp-json\/wp\/v2\/pages\/14517","targetHints":{"allow":["GET"]}}],"collection":[{"href":"https:\/\/budaorsi.reformatus.hu\/index.php\/wp-json\/wp\/v2\/pages"}],"about":[{"href":"https:\/\/budaorsi.reformatus.hu\/index.php\/wp-json\/wp\/v2\/types\/page"}],"author":[{"embeddable":true,"href":"https:\/\/budaorsi.reformatus.hu\/index.php\/wp-json\/wp\/v2\/users\/1"}],"replies":[{"embeddable":true,"href":"https:\/\/budaorsi.reformatus.hu\/index.php\/wp-json\/wp\/v2\/comments?post=14517"}],"version-history":[{"count":10,"href":"https:\/\/budaorsi.reformatus.hu\/index.php\/wp-json\/wp\/v2\/pages\/14517\/revisions"}],"predecessor-version":[{"id":14902,"href":"https:\/\/budaorsi.reformatus.hu\/index.php\/wp-json\/wp\/v2\/pages\/14517\/revisions\/14902"}],"wp:attachment":[{"href":"https:\/\/budaorsi.reformatus.hu\/index.php\/wp-json\/wp\/v2\/media?parent=14517"}],"curies":[{"name":"wp","href":"https:\/\/api.w.org\/{rel}","templated":true}]}}