{"id":14520,"date":"2025-03-25T18:54:43","date_gmt":"2025-03-25T18:54:43","guid":{"rendered":"https:\/\/budaorsi.reformatus.hu\/?page_id=14520"},"modified":"2025-11-12T13:07:47","modified_gmt":"2025-11-12T13:07:47","slug":"vasarnapi-istentisztelet","status":"publish","type":"page","link":"https:\/\/budaorsi.reformatus.hu\/index.php\/vasarnapi-istentisztelet\/","title":{"rendered":"Vas\u00e1rnapi istentisztelet"},"content":{"rendered":"<div id=\"cmsmasters_row_ifmhnt3h75\" class=\"cmsmasters_row cmsmasters_color_scheme_default cmsmasters_row_top_default cmsmasters_row_bot_default cmsmasters_row_boxed\">\n<div class=\"cmsmasters_row_outer_parent\">\n<div class=\"cmsmasters_row_outer\">\n<div class=\"cmsmasters_row_inner\">\n<div class=\"cmsmasters_row_margin\">\n<div id=\"cmsmasters_column_8dzwru7rym\" class=\"cmsmasters_column one_first\">\n<div class=\"cmsmasters_column_inner\"><div id=\"cmsmasters_heading_ek66mlw39n\" class=\"cmsmasters_heading_wrap cmsmasters_heading_align_center\">\n\t<h2 class=\"cmsmasters_heading\">Vas\u00e1rnapi istentisztelet<\/h2>\n<\/div><div class=\"aligncenter\"><div class=\"cmsmasters_img  cmsmasters_image_c\"><img decoding=\"async\" src=\"https:\/\/budaorsi.reformatus.hu\/wp-content\/uploads\/2025\/10\/IMG_5418-3-860x500.jpg\" \/><\/div><\/div><div class=\"cmsmasters_text\">\n<p>&nbsp;<\/p>\n<p><em><span style=\"font-weight: 400;\">\u201cA gy\u00fclekezeti istentisztelet c\u00e9lja az, hogy a h\u00edv\u0151k egy\u00fctt im\u00e1dj\u00e1k Istent, szav\u00e1t meghallgass\u00e1k, \u00e9s annak engedelmeskedve, b\u0171neikt\u0151l megtisztulva induljanak tov\u00e1bb m\u00e1soknak szolg\u00e1lni. Az istentisztelet teh\u00e1t az \u00e9l\u0151 Istennel val\u00f3 tal\u00e1lkoz\u00e1s k\u00fcl\u00f6n\u00f6sen fontos alkalma. Akkor is tal\u00e1lkozhatunk az \u00darral, ha otthon, egyed\u00fcl olvassuk a Bibli\u00e1t, s\u0151t munka k\u00f6zben, utaz\u00e1s k\u00f6zben is az \u0150 jelenl\u00e9t\u00e9ben \u00e9l a h\u00edv\u0151 ember, \u00e9s b\u00e1rmilyen helyzetben im\u00e1dkozhat hozz\u00e1. De amikor a t\u00f6bbi h\u00edv\u0151vel egy\u00fctt van \u00e9s kifejezetten azt v\u00e1rja, hogy az Ig\u00e9n \u00e9s igehirdet\u00e9sen kereszt\u00fcl Isten sz\u00f3l\u00edtsa meg, azt nem p\u00f3tolja semmi.\u00a0<\/span><\/em><\/p>\n<p><em><span style=\"font-weight: 400;\">Az istentisztelet Isten dics\u0151\u00edt\u00e9s\u00e9nek \u00e9s magasztal\u00e1s\u00e1nak k\u00f6z\u00f6s alkalma a gy\u00fclekezet sz\u00e1m\u00e1ra. \u00cdgy lehet igaz\u00e1n Isten rendel\u0151je is, ahol sok lelki nyavaly\u00e1b\u00f3l meg lehet gy\u00f3gyulni. Az istentisztelet: Isten m\u0171helye, ahol k\u00e9zbe vesz minket \u00e9s alak\u00edt, tiszt\u00edt, m\u00e1sok szolg\u00e1lat\u00e1ra alkalmass\u00e1 tesz. Az istentisztelet c\u00e9lja teh\u00e1t az, hogy a v\u00e9g\u00e9re megv\u00e1ltozzunk. Isten el\u0151tt leleplez\u0151dj\u00fcnk, Isten Ig\u00e9je belevil\u00e1g\u00edtson a sz\u00edv\u00fcnkbe, b\u0171neinkt\u0151l szabaduljunk, feladatainkhoz \u00faj er\u0151t kapjunk, Isten Lelk\u00e9nek az er\u0151ter\u00e9be ker\u00fclj\u00fcnk, aki azt\u00e1n ind\u00edt, form\u00e1l, megaj\u00e1nd\u00e9koz \u00e9s haszn\u00e1l benn\u00fcnket. Minden istentisztelet nagy lehet\u0151s\u00e9ge: m\u00e1s ember j\u00f6n ki, mint aki bement.\u201d<\/span><\/em><\/p>\n<p><span style=\"font-weight: 400;\">Cseri K\u00e1lm\u00e1n<\/span><\/p>\n<p><span style=\"font-weight: 400;\">Id\u0151pont: Vas\u00e1rnap &#8211; 10:00<\/span><\/p>\n<p><a href=\"https:\/\/budaorsi.reformatus.hu\/index.php\/sermons\/\"><span style=\"font-weight: 400;\">[Igehirdet\u00e9sek link]<\/span><\/a><\/p>\n<\/div>\n<\/div><\/div>\n<\/div>\n<\/div>\n<\/div>\n<\/div>\n<\/div>\n\n","protected":false},"excerpt":{"rendered":"","protected":false},"author":1,"featured_media":0,"parent":0,"menu_order":0,"comment_status":"closed","ping_status":"closed","template":"","meta":{"footnotes":""},"class_list":["post-14520","page","type-page","status-publish","hentry"],"_links":{"self":[{"href":"https:\/\/budaorsi.reformatus.hu\/index.php\/wp-json\/wp\/v2\/pages\/14520","targetHints":{"allow":["GET"]}}],"collection":[{"href":"https:\/\/budaorsi.reformatus.hu\/index.php\/wp-json\/wp\/v2\/pages"}],"about":[{"href":"https:\/\/budaorsi.reformatus.hu\/index.php\/wp-json\/wp\/v2\/types\/page"}],"author":[{"embeddable":true,"href":"https:\/\/budaorsi.reformatus.hu\/index.php\/wp-json\/wp\/v2\/users\/1"}],"replies":[{"embeddable":true,"href":"https:\/\/budaorsi.reformatus.hu\/index.php\/wp-json\/wp\/v2\/comments?post=14520"}],"version-history":[{"count":12,"href":"https:\/\/budaorsi.reformatus.hu\/index.php\/wp-json\/wp\/v2\/pages\/14520\/revisions"}],"predecessor-version":[{"id":14910,"href":"https:\/\/budaorsi.reformatus.hu\/index.php\/wp-json\/wp\/v2\/pages\/14520\/revisions\/14910"}],"wp:attachment":[{"href":"https:\/\/budaorsi.reformatus.hu\/index.php\/wp-json\/wp\/v2\/media?parent=14520"}],"curies":[{"name":"wp","href":"https:\/\/api.w.org\/{rel}","templated":true}]}}