{"id":14525,"date":"2025-03-25T18:55:44","date_gmt":"2025-03-25T18:55:44","guid":{"rendered":"https:\/\/budaorsi.reformatus.hu\/?page_id=14525"},"modified":"2025-11-10T17:57:47","modified_gmt":"2025-11-10T17:57:47","slug":"gyerekistentisztelet","status":"publish","type":"page","link":"https:\/\/budaorsi.reformatus.hu\/index.php\/gyerekistentisztelet\/","title":{"rendered":"Gyermek-istentisztelet"},"content":{"rendered":"<div id=\"cmsmasters_row_u2uw6ohxbo\" class=\"cmsmasters_row cmsmasters_color_scheme_default cmsmasters_row_top_default cmsmasters_row_bot_default cmsmasters_row_boxed\">\n<div class=\"cmsmasters_row_outer_parent\">\n<div class=\"cmsmasters_row_outer\">\n<div class=\"cmsmasters_row_inner\">\n<div class=\"cmsmasters_row_margin\">\n<div id=\"cmsmasters_column_1nf98gyuu8\" class=\"cmsmasters_column one_first\">\n<div class=\"cmsmasters_column_inner\"><div id=\"cmsmasters_heading_cnt09tv9kn\" class=\"cmsmasters_heading_wrap cmsmasters_heading_align_center\">\n\t<h2 class=\"cmsmasters_heading\">Gyerekistentisztelet<\/h2>\n<\/div><div class=\"cmsmasters_text\">\n<h3 data-start=\"312\" data-end=\"341\"><\/h3>\n<blockquote data-start=\"343\" data-end=\"499\">\n<p data-start=\"345\" data-end=\"499\"><em data-start=\"345\" data-end=\"480\">\u201eDe J\u00e9zus ezt mondta: Engedj\u00e9tek e kisgyermekeket, \u00e9s ne akad\u00e1lyozz\u00e1tok \u0151ket, hogy hozz\u00e1m j\u00f6jjenek, mert ilyenek\u00e9 a mennyek orsz\u00e1ga.\u201d<\/em><br data-start=\"480\" data-end=\"483\" \/><em data-start=\"485\" data-end=\"499\">(M\u00e1t\u00e9 19,14)<\/em><\/p>\n<\/blockquote>\n<p data-start=\"501\" data-end=\"672\">Gy\u00fclekezet\u00fcnkben az <strong data-start=\"521\" data-end=\"545\">istentisztelet alatt<\/strong> a gyermekek sz\u00e1m\u00e1ra is tartunk k\u00fcl\u00f6n <strong data-start=\"583\" data-end=\"610\">koroszt\u00e1lyos alkalmakat<\/strong>, hogy \u0151k is saj\u00e1t szintj\u00fck\u00f6n tal\u00e1lkozhassanak Isten ig\u00e9j\u00e9vel.<\/p>\n<hr data-start=\"674\" data-end=\"677\" \/>\n<h3 data-start=\"679\" data-end=\"709\">Csoportok \u00e9s helysz\u00ednek<\/h3>\n<div class=\"_tableContainer_1rjym_1\">\n<div class=\"group _tableWrapper_1rjym_13 flex w-fit flex-col-reverse\" tabindex=\"-1\">\n<table class=\"w-fit min-w-(--thread-content-width)\" style=\"height: 150px;\" width=\"976\" data-start=\"711\" data-end=\"1214\">\n<thead data-start=\"711\" data-end=\"749\">\n<tr data-start=\"711\" data-end=\"749\">\n<th data-start=\"711\" data-end=\"724\" data-col-size=\"sm\">Koroszt\u00e1ly<\/th>\n<th data-start=\"724\" data-end=\"735\" data-col-size=\"sm\">Helysz\u00edn<\/th>\n<th data-start=\"735\" data-end=\"749\" data-col-size=\"md\"><\/th>\n<\/tr>\n<\/thead>\n<tbody data-start=\"791\" data-end=\"1214\">\n<tr data-start=\"791\" data-end=\"920\">\n<td data-start=\"791\" data-end=\"808\" data-col-size=\"sm\"><strong data-start=\"793\" data-end=\"807\">0\u20133 \u00e9vesek<\/strong><\/td>\n<td data-start=\"808\" data-end=\"828\" data-col-size=\"sm\"><em data-start=\"810\" data-end=\"827\">Baba-mama szoba<\/em><\/td>\n<td data-start=\"828\" data-end=\"920\" data-col-size=\"md\">A sz\u00fcl\u0151k a kicsikkel egy\u00fctt lehetnek, \u00e9s kihangos\u00edtva hallgathatj\u00e1k az istentiszteletet.<\/td>\n<\/tr>\n<tr data-start=\"921\" data-end=\"1001\">\n<td data-start=\"921\" data-end=\"947\" data-col-size=\"sm\"><strong data-start=\"923\" data-end=\"946\">3\u20136 \u00e9vesek (ovisok)<\/strong><\/td>\n<td data-start=\"947\" data-end=\"966\" data-col-size=\"sm\"><em data-start=\"949\" data-end=\"965\">Alagsori terem<\/em><\/td>\n<td data-start=\"966\" data-end=\"1001\" data-col-size=\"md\">J\u00e1t\u00e9kos, bibliai foglalkoz\u00e1sok.<\/td>\n<\/tr>\n<tr data-start=\"1002\" data-end=\"1100\">\n<td data-start=\"1002\" data-end=\"1030\" data-col-size=\"sm\"><strong data-start=\"1004\" data-end=\"1029\">7\u201310 \u00e9vesek (als\u00f3sok)<\/strong><\/td>\n<td data-start=\"1030\" data-end=\"1048\" data-col-size=\"sm\"><em data-start=\"1032\" data-end=\"1047\">Emeleti terem<\/em><\/td>\n<td data-start=\"1048\" data-end=\"1100\" data-col-size=\"md\">Igei tan\u00edt\u00e1s, besz\u00e9lget\u00e9s, k\u00e9zm\u0171ves tev\u00e9kenys\u00e9g.<\/td>\n<\/tr>\n<tr data-start=\"1101\" data-end=\"1214\">\n<td data-start=\"1101\" data-end=\"1131\" data-col-size=\"sm\"><strong data-start=\"1103\" data-end=\"1130\">11\u201314 \u00e9vesek (fels\u0151s\u00f6k)<\/strong><\/td>\n<td data-start=\"1131\" data-end=\"1152\" data-col-size=\"sm\"><em data-start=\"1133\" data-end=\"1151\">Lelk\u00e9szi hivatal<\/em><\/td>\n<td data-start=\"1152\" data-end=\"1214\" data-col-size=\"md\">M\u00e9lyebb t\u00e9m\u00e1k, nyitott besz\u00e9lget\u00e9sek, koroszt\u00e1lyra szabva.<\/td>\n<\/tr>\n<\/tbody>\n<\/table>\n<\/div>\n<\/div>\n<hr data-start=\"1216\" data-end=\"1219\" \/>\n<h3 data-start=\"1221\" data-end=\"1242\">Hogyan zajlik?<\/h3>\n<p data-start=\"1244\" data-end=\"1468\">A <strong data-start=\"1246\" data-end=\"1270\">3\u201314 \u00e9ves koroszt\u00e1lyba tartoz\u00f3 gyerekek<\/strong> az istentisztelet elej\u00e9n <strong data-start=\"1296\" data-end=\"1315\">a templomt\u00e9rben<\/strong> vesznek r\u00e9szt sz\u00fcleikkel az alkalmon,<br data-start=\"1338\" data-end=\"1341\" \/>majd a <strong data-start=\"1348\" data-end=\"1366\">\u201ef\u0151\u00e9nek\u201d alatt<\/strong> vonulnak el saj\u00e1t csoportjaikba.<br data-start=\"1399\" data-end=\"1402\" \/>A szolg\u00e1l\u00f3k seg\u00edtenek a gyermekek eligaz\u00edt\u00e1s\u00e1ban \u00e9s k\u00eds\u00e9r\u00e9s\u00e9ben.<\/p>\n<p data-start=\"1470\" data-end=\"1587\">A <strong data-start=\"1472\" data-end=\"1494\">baba-mama szob\u00e1ban<\/strong> l\u00e9v\u0151k az eg\u00e9sz alkalom alatt bent maradhatnak,<br data-start=\"1541\" data-end=\"1544\" \/>\u00e9s onnan k\u00f6vethetik a templomi esem\u00e9nyeket.<\/p>\n<hr data-start=\"1589\" data-end=\"1592\" \/>\n<h3 data-start=\"1594\" data-end=\"1617\">Iskolai igazol\u00e1s<\/h3>\n<p data-start=\"1619\" data-end=\"1880\">Egyes <strong data-start=\"1625\" data-end=\"1660\">felekezeti oktat\u00e1si int\u00e9zm\u00e9nyek<\/strong> id\u0151nk\u00e9nt k\u00f6telez\u0151v\u00e9 teszik az istentisztelet-l\u00e1togat\u00e1st.<br data-start=\"1717\" data-end=\"1720\" \/>Az ilyen alkalmakkal kapcsolatban a gy\u00fclekezet <strong data-start=\"1767\" data-end=\"1791\">igazol\u00e1st tud kiadni<\/strong>.<br data-start=\"1792\" data-end=\"1795\" \/>Az igazol\u00e1st <strong data-start=\"1808\" data-end=\"1834\">az istentisztelet ut\u00e1n<\/strong> lehet k\u00e9rni a lelk\u00e9szt\u0151l.<\/p>\n<\/div>\n<\/div><\/div>\n<\/div>\n<\/div>\n<\/div>\n<\/div>\n<\/div>\n\n","protected":false},"excerpt":{"rendered":"","protected":false},"author":1,"featured_media":0,"parent":0,"menu_order":0,"comment_status":"closed","ping_status":"closed","template":"","meta":{"footnotes":""},"class_list":["post-14525","page","type-page","status-publish","hentry"],"_links":{"self":[{"href":"https:\/\/budaorsi.reformatus.hu\/index.php\/wp-json\/wp\/v2\/pages\/14525","targetHints":{"allow":["GET"]}}],"collection":[{"href":"https:\/\/budaorsi.reformatus.hu\/index.php\/wp-json\/wp\/v2\/pages"}],"about":[{"href":"https:\/\/budaorsi.reformatus.hu\/index.php\/wp-json\/wp\/v2\/types\/page"}],"author":[{"embeddable":true,"href":"https:\/\/budaorsi.reformatus.hu\/index.php\/wp-json\/wp\/v2\/users\/1"}],"replies":[{"embeddable":true,"href":"https:\/\/budaorsi.reformatus.hu\/index.php\/wp-json\/wp\/v2\/comments?post=14525"}],"version-history":[{"count":8,"href":"https:\/\/budaorsi.reformatus.hu\/index.php\/wp-json\/wp\/v2\/pages\/14525\/revisions"}],"predecessor-version":[{"id":14899,"href":"https:\/\/budaorsi.reformatus.hu\/index.php\/wp-json\/wp\/v2\/pages\/14525\/revisions\/14899"}],"wp:attachment":[{"href":"https:\/\/budaorsi.reformatus.hu\/index.php\/wp-json\/wp\/v2\/media?parent=14525"}],"curies":[{"name":"wp","href":"https:\/\/api.w.org\/{rel}","templated":true}]}}