{"id":14528,"date":"2025-03-25T18:56:21","date_gmt":"2025-03-25T18:56:21","guid":{"rendered":"https:\/\/budaorsi.reformatus.hu\/?page_id=14528"},"modified":"2025-11-12T13:12:58","modified_gmt":"2025-11-12T13:12:58","slug":"konfirmacios-elokeszito","status":"publish","type":"page","link":"https:\/\/budaorsi.reformatus.hu\/index.php\/konfirmacios-elokeszito\/","title":{"rendered":"Konfirm\u00e1ci\u00f3s el\u0151k\u00e9sz\u00edt\u0151"},"content":{"rendered":"<div id=\"cmsmasters_row_sdr3rvyvfo\" class=\"cmsmasters_row cmsmasters_color_scheme_default cmsmasters_row_top_default cmsmasters_row_bot_default cmsmasters_row_boxed\">\n<div class=\"cmsmasters_row_outer_parent\">\n<div class=\"cmsmasters_row_outer\">\n<div class=\"cmsmasters_row_inner\">\n<div class=\"cmsmasters_row_margin\">\n<div id=\"cmsmasters_column_dgnrxl951e\" class=\"cmsmasters_column one_first\">\n<div class=\"cmsmasters_column_inner\"><div id=\"cmsmasters_heading_umutopvy81\" class=\"cmsmasters_heading_wrap cmsmasters_heading_align_center\">\n\t<h2 class=\"cmsmasters_heading\">Konfirm\u00e1ci\u00f3s el\u0151k\u00e9sz\u00edt\u0151<\/h2>\n<\/div><div class=\"cmsmasters_text\">\n<p><em>&#8222;Aki teh\u00e1t vall\u00e1st tesz r\u00f3lam az emberek el\u0151tt, arr\u00f3l majd \u00e9n is vall\u00e1st teszek mennyei Aty\u00e1m el\u0151tt.&#8221;<\/em> M\u00e1t\u00e9 10:32<\/p>\n<p><span style=\"font-weight: 400;\">Az alkalmakat a vas\u00e1rnapi istentisztelet el\u0151tt tartjuk 9 \u00f3rakor.\u00a0<\/span><\/p>\n<p><span style=\"font-weight: 400;\">\u00c9rdekl\u0151d\u00e9s \u00e9s jelentkez\u00e9s:\u00a0<\/span><\/p>\n<p><span style=\"font-weight: 400;\">Telefon: 06 23 415 205<\/span><\/p>\n<p><span style=\"font-weight: 400;\">E-mail: czako.zoltan@reformatus.hu<\/span><\/p>\n<\/div>\n<\/div><\/div>\n<\/div>\n<\/div>\n<\/div>\n<\/div>\n<\/div>\n\n","protected":false},"excerpt":{"rendered":"","protected":false},"author":1,"featured_media":0,"parent":0,"menu_order":0,"comment_status":"closed","ping_status":"closed","template":"","meta":{"footnotes":""},"class_list":["post-14528","page","type-page","status-publish","hentry"],"_links":{"self":[{"href":"https:\/\/budaorsi.reformatus.hu\/index.php\/wp-json\/wp\/v2\/pages\/14528","targetHints":{"allow":["GET"]}}],"collection":[{"href":"https:\/\/budaorsi.reformatus.hu\/index.php\/wp-json\/wp\/v2\/pages"}],"about":[{"href":"https:\/\/budaorsi.reformatus.hu\/index.php\/wp-json\/wp\/v2\/types\/page"}],"author":[{"embeddable":true,"href":"https:\/\/budaorsi.reformatus.hu\/index.php\/wp-json\/wp\/v2\/users\/1"}],"replies":[{"embeddable":true,"href":"https:\/\/budaorsi.reformatus.hu\/index.php\/wp-json\/wp\/v2\/comments?post=14528"}],"version-history":[{"count":4,"href":"https:\/\/budaorsi.reformatus.hu\/index.php\/wp-json\/wp\/v2\/pages\/14528\/revisions"}],"predecessor-version":[{"id":14915,"href":"https:\/\/budaorsi.reformatus.hu\/index.php\/wp-json\/wp\/v2\/pages\/14528\/revisions\/14915"}],"wp:attachment":[{"href":"https:\/\/budaorsi.reformatus.hu\/index.php\/wp-json\/wp\/v2\/media?parent=14528"}],"curies":[{"name":"wp","href":"https:\/\/api.w.org\/{rel}","templated":true}]}}