{"id":14531,"date":"2025-03-25T18:57:05","date_gmt":"2025-03-25T18:57:05","guid":{"rendered":"https:\/\/budaorsi.reformatus.hu\/?page_id=14531"},"modified":"2025-11-10T16:39:03","modified_gmt":"2025-11-10T16:39:03","slug":"bibliaora","status":"publish","type":"page","link":"https:\/\/budaorsi.reformatus.hu\/index.php\/bibliaora\/","title":{"rendered":"Biblia\u00f3ra"},"content":{"rendered":"<div id=\"cmsmasters_row_2k6blnggv\" class=\"cmsmasters_row cmsmasters_color_scheme_default cmsmasters_row_top_default cmsmasters_row_bot_default cmsmasters_row_boxed\">\n<div class=\"cmsmasters_row_outer_parent\">\n<div class=\"cmsmasters_row_outer\">\n<div class=\"cmsmasters_row_inner\">\n<div class=\"cmsmasters_row_margin\">\n<div id=\"cmsmasters_column_vmbdar9j0q\" class=\"cmsmasters_column one_first\">\n<div class=\"cmsmasters_column_inner\"><div class=\"aligncenter\"><div class=\"cmsmasters_img  cmsmasters_image_c\" data-animation=\"fadeInUpBig\" data-delay=\"0\"><img decoding=\"async\" src=\"https:\/\/budaorsi.reformatus.hu\/wp-content\/uploads\/2025\/10\/aaron-burden-TNlHf4m4gpI-unsplash-860x500.jpg\" \/><\/div><\/div>\n<\/div><\/div>\n<div id=\"cmsmasters_column_oa1kodlxf9\" class=\"cmsmasters_column one_first\">\n<div class=\"cmsmasters_column_inner\"><div class=\"cmsmasters_text\" data-animation=\"fadeInUpBig\" data-delay=\"0\">\n<blockquote data-start=\"420\" data-end=\"575\">\n<p data-start=\"422\" data-end=\"575\">\u201eJ\u00e9zus azt mondta nekik: <em data-start=\"447\" data-end=\"555\">\u00c9n vagyok az \u00e9let kenyere: aki \u00e9nhozz\u00e1m j\u00f6n, nem \u00e9hezik meg, \u00e9s aki \u00e9nbennem hisz, nem szomjazik meg soha.<\/em>\u201d<br data-start=\"556\" data-end=\"559\" \/><em data-start=\"561\" data-end=\"575\">(J\u00e1nos 6,35)<\/em><\/p>\n<\/blockquote>\n<h4 data-start=\"577\" data-end=\"607\">Mi\u00e9rt fontos a Biblia\u00f3ra?<\/h4>\n<p data-start=\"609\" data-end=\"744\">Reform\u00e1tus kegyess\u00e9g\u00fcnk egyik jellemz\u0151je, hogy <strong data-start=\"656\" data-end=\"705\">akiket Isten Szentlelke \u00fajj\u00e1sz\u00fclt kegyelm\u00e9b\u0151l<\/strong>, azok <strong data-start=\"712\" data-end=\"743\">t\u00e1pl\u00e1lkoznak Isten szav\u00e1val<\/strong>.<\/p>\n<p data-start=\"746\" data-end=\"917\">Ahogyan az \u00fajsz\u00fcl\u00f6tt gyermek els\u0151k\u00e9nt enni k\u00e9r, \u00fagy az <strong data-start=\"801\" data-end=\"832\">\u00fajj\u00e1sz\u00fcletett h\u00edv\u0151 embernek<\/strong> is sz\u00fcks\u00e9ge van lelki eledelre \u2014 arra, hogy <strong data-start=\"877\" data-end=\"916\">Isten Ig\u00e9j\u00e9n kereszt\u00fcl meger\u0151s\u00f6dj\u00f6n<\/strong>.<\/p>\n<h4 data-start=\"919\" data-end=\"950\">Mit csin\u00e1lunk az alkalmon?<\/h4>\n<p data-start=\"952\" data-end=\"1148\">Hissz\u00fck, hogy <strong data-start=\"966\" data-end=\"1008\">Isten a Bibli\u00e1n kereszt\u00fcl sz\u00f3l hozz\u00e1nk<\/strong>. Ez\u00e9rt minden alkalmon <strong data-start=\"1032\" data-end=\"1072\">egy kijel\u00f6lt igeverset vagy szakaszt<\/strong> olvasunk, \u00e9s <strong data-start=\"1086\" data-end=\"1147\">egy\u00fctt gondolkodunk arr\u00f3l, mit jelent ez a mi \u00e9let\u00fcnkben<\/strong>.<\/p>\n<p data-start=\"1150\" data-end=\"1219\">C\u00e9lunk, hogy ne csak halljuk, hanem <strong data-start=\"1186\" data-end=\"1218\">meg is \u00e9rts\u00fck Isten \u00fczenet\u00e9t<\/strong>.<\/p>\n<hr data-start=\"1221\" data-end=\"1224\" \/>\n<p data-start=\"1226\" data-end=\"1300\"><strong data-start=\"1229\" data-end=\"1241\">Id\u0151pont:<\/strong> Cs\u00fct\u00f6rt\u00f6k \u2013 18:00<br data-start=\"1259\" data-end=\"1262\" \/><strong data-start=\"1265\" data-end=\"1278\">Helysz\u00edn:<\/strong> Templom emeleti terme<\/p>\n<\/div>\n<\/div><\/div>\n<div id=\"cmsmasters_column_s0ehgf22s3\" class=\"cmsmasters_column one_first\">\n<div class=\"cmsmasters_column_inner\"><\/div><\/div>\n<\/div>\n<\/div>\n<\/div>\n<\/div>\n<\/div>\n\n","protected":false},"excerpt":{"rendered":"","protected":false},"author":1,"featured_media":0,"parent":0,"menu_order":0,"comment_status":"closed","ping_status":"closed","template":"","meta":{"footnotes":""},"class_list":["post-14531","page","type-page","status-publish","hentry"],"_links":{"self":[{"href":"https:\/\/budaorsi.reformatus.hu\/index.php\/wp-json\/wp\/v2\/pages\/14531","targetHints":{"allow":["GET"]}}],"collection":[{"href":"https:\/\/budaorsi.reformatus.hu\/index.php\/wp-json\/wp\/v2\/pages"}],"about":[{"href":"https:\/\/budaorsi.reformatus.hu\/index.php\/wp-json\/wp\/v2\/types\/page"}],"author":[{"embeddable":true,"href":"https:\/\/budaorsi.reformatus.hu\/index.php\/wp-json\/wp\/v2\/users\/1"}],"replies":[{"embeddable":true,"href":"https:\/\/budaorsi.reformatus.hu\/index.php\/wp-json\/wp\/v2\/comments?post=14531"}],"version-history":[{"count":24,"href":"https:\/\/budaorsi.reformatus.hu\/index.php\/wp-json\/wp\/v2\/pages\/14531\/revisions"}],"predecessor-version":[{"id":14887,"href":"https:\/\/budaorsi.reformatus.hu\/index.php\/wp-json\/wp\/v2\/pages\/14531\/revisions\/14887"}],"wp:attachment":[{"href":"https:\/\/budaorsi.reformatus.hu\/index.php\/wp-json\/wp\/v2\/media?parent=14531"}],"curies":[{"name":"wp","href":"https:\/\/api.w.org\/{rel}","templated":true}]}}