{"id":14534,"date":"2025-03-25T18:58:12","date_gmt":"2025-03-25T18:58:12","guid":{"rendered":"https:\/\/budaorsi.reformatus.hu\/?page_id=14534"},"modified":"2025-11-12T13:09:12","modified_gmt":"2025-11-12T13:09:12","slug":"fiatal-hazaskor","status":"publish","type":"page","link":"https:\/\/budaorsi.reformatus.hu\/index.php\/fiatal-hazaskor\/","title":{"rendered":"Fiatal h\u00e1zask\u00f6r"},"content":{"rendered":"<div id=\"cmsmasters_row_u5ab35nmee\" class=\"cmsmasters_row cmsmasters_color_scheme_default cmsmasters_row_top_default cmsmasters_row_bot_default cmsmasters_row_boxed\">\n<div class=\"cmsmasters_row_outer_parent\">\n<div class=\"cmsmasters_row_outer\">\n<div class=\"cmsmasters_row_inner\">\n<div class=\"cmsmasters_row_margin\">\n<div id=\"cmsmasters_column_wwu2j0vdqh\" class=\"cmsmasters_column one_first\">\n<div class=\"cmsmasters_column_inner\"><div id=\"cmsmasters_heading_0svm3ccmdl\" class=\"cmsmasters_heading_wrap cmsmasters_heading_align_center\">\n\t<h2 class=\"cmsmasters_heading\">Fiatal h\u00e1zask\u00f6r<\/h2>\n<\/div><div class=\"aligncenter\"><div class=\"cmsmasters_img  cmsmasters_image_c\"><img decoding=\"async\" src=\"https:\/\/budaorsi.reformatus.hu\/wp-content\/uploads\/2025\/02\/kulter-1-860x448.png\" \/><\/div><\/div><div class=\"cmsmasters_text\">\n<div><\/div>\n<div><\/div>\n<blockquote data-start=\"360\" data-end=\"515\">\n<div data-start=\"362\" data-end=\"515\"><em data-start=\"362\" data-end=\"488\">\u201eJobban boldogul kett\u0151, mint egy: f\u00e1radoz\u00e1suknak sz\u00e9p eredm\u00e9nye van. Mert ha elesnek, az egyik ember f\u00f6lemeli a t\u00e1rs\u00e1t.\u201d<\/em><br data-start=\"488\" data-end=\"491\" \/><em data-start=\"493\" data-end=\"515\">(Pr\u00e9dik\u00e1tor 4,9\u201310a)<\/em><\/div>\n<\/blockquote>\n<h4 data-start=\"517\" data-end=\"553\">Szeretettel v\u00e1runk mindenkit a fiatal h\u00e1zask\u00f6rre!<\/h4>\n<p data-start=\"555\" data-end=\"703\"><span data-start=\"557\" data-end=\"579\">Ezeken az <\/span><strong data-start=\"557\" data-end=\"579\">alkalmakon<\/strong> egy\u00fctt besz\u00e9lget\u00fcnk <strong data-start=\"600\" data-end=\"618\">Isten ig\u00e9j\u00e9r\u0151l<\/strong>, \u00e9s <strong data-start=\"625\" data-end=\"646\">er\u0151s\u00edtj\u00fck egym\u00e1st<\/strong> a h\u00e1zass\u00e1g, p\u00e1rkapcsolat \u00e9s gyereknevel\u00e9s k\u00e9rd\u00e9seiben.<\/p>\n<p data-start=\"705\" data-end=\"859\">Nem felt\u00e9tel, hogy h\u00e1zass\u00e1gban \u00e9lj \u2014 ha <strong data-start=\"747\" data-end=\"771\">p\u00e1rkapcsolatban vagy<\/strong>, <strong data-start=\"773\" data-end=\"790\">jegyben j\u00e1rsz<\/strong>, vagy <strong data-start=\"797\" data-end=\"825\">a h\u00e1zass\u00e1gon gondolkodsz<\/strong>,<br data-start=\"826\" data-end=\"829\" \/>akkor is szeretettel v\u00e1runk!<\/p>\n<p data-start=\"861\" data-end=\"1082\"><span class=\"a_GcMg font-feature-liga-off font-feature-clig-off font-feature-calt-off text-decoration-none text-strikethrough-none\">C\u00e9lunk, hogy egy\u00fctt tudjunk besz\u00e9lgetni a h\u00e1zass\u00e1gunkr\u00f3l, gyereknevel\u00e9sr\u0151l, a csal\u00e1di \u00e9let\u00fcnkkel kapcsolatos mindennapi kih\u00edv\u00e1sokr\u00f3l.\u00a0<\/span><\/p>\n<hr data-start=\"1084\" data-end=\"1087\" \/>\n<h4 data-start=\"1089\" data-end=\"1274\"><strong data-start=\"1092\" data-end=\"1112\">Gyermekvigy\u00e1z\u00e1s:<\/strong><\/h4>\n<p data-start=\"1089\" data-end=\"1274\">Az alkalmak alatt gyermekfel\u00fcgyeletet biztos\u00edtunk.<br data-start=\"1169\" data-end=\"1172\" \/>K\u00e9rj\u00fck, jelezd el\u0151re, ha szeretn\u00e9d ig\u00e9nybe venni,<br data-start=\"1221\" data-end=\"1224\" \/>hogy megfelel\u0151en fel tudjunk k\u00e9sz\u00fclni a l\u00e9tsz\u00e1mra.<\/p>\n<hr data-start=\"1276\" data-end=\"1279\" \/>\n<p data-start=\"1281\" data-end=\"1382\"><strong data-start=\"1284\" data-end=\"1296\">Id\u0151pont:<\/strong> minden <strong data-start=\"1304\" data-end=\"1325\">p\u00e1ratlan vas\u00e1rnap<\/strong> 16:00-t\u00f3l<br data-start=\"1335\" data-end=\"1338\" \/><strong data-start=\"1341\" data-end=\"1354\">Helysz\u00edn:<\/strong> gy\u00fclekezeti emeleti terem<\/p>\n<h3 data-start=\"1281\" data-end=\"1382\">Jelentkez\u00e9s:<\/h3>\n<p>Telefon: 06 23 415 205<\/p>\n<p>E-mail: czako.zoltan@reformatus.hu<\/p>\n<\/div>\n<\/div><\/div>\n<\/div>\n<\/div>\n<\/div>\n<\/div>\n<\/div>\n\n","protected":false},"excerpt":{"rendered":"","protected":false},"author":1,"featured_media":0,"parent":0,"menu_order":0,"comment_status":"closed","ping_status":"closed","template":"","meta":{"footnotes":""},"class_list":["post-14534","page","type-page","status-publish","hentry"],"_links":{"self":[{"href":"https:\/\/budaorsi.reformatus.hu\/index.php\/wp-json\/wp\/v2\/pages\/14534","targetHints":{"allow":["GET"]}}],"collection":[{"href":"https:\/\/budaorsi.reformatus.hu\/index.php\/wp-json\/wp\/v2\/pages"}],"about":[{"href":"https:\/\/budaorsi.reformatus.hu\/index.php\/wp-json\/wp\/v2\/types\/page"}],"author":[{"embeddable":true,"href":"https:\/\/budaorsi.reformatus.hu\/index.php\/wp-json\/wp\/v2\/users\/1"}],"replies":[{"embeddable":true,"href":"https:\/\/budaorsi.reformatus.hu\/index.php\/wp-json\/wp\/v2\/comments?post=14534"}],"version-history":[{"count":14,"href":"https:\/\/budaorsi.reformatus.hu\/index.php\/wp-json\/wp\/v2\/pages\/14534\/revisions"}],"predecessor-version":[{"id":14912,"href":"https:\/\/budaorsi.reformatus.hu\/index.php\/wp-json\/wp\/v2\/pages\/14534\/revisions\/14912"}],"wp:attachment":[{"href":"https:\/\/budaorsi.reformatus.hu\/index.php\/wp-json\/wp\/v2\/media?parent=14534"}],"curies":[{"name":"wp","href":"https:\/\/api.w.org\/{rel}","templated":true}]}}