{"id":14537,"date":"2025-03-25T18:58:41","date_gmt":"2025-03-25T18:58:41","guid":{"rendered":"https:\/\/budaorsi.reformatus.hu\/?page_id=14537"},"modified":"2025-11-15T10:15:21","modified_gmt":"2025-11-15T10:15:21","slug":"baba-mama-kor","status":"publish","type":"page","link":"https:\/\/budaorsi.reformatus.hu\/index.php\/baba-mama-kor\/","title":{"rendered":"Baba-mama k\u00f6r"},"content":{"rendered":"<div id=\"cmsmasters_row_5ttw4b0dx9\" class=\"cmsmasters_row cmsmasters_color_scheme_default cmsmasters_row_top_default cmsmasters_row_bot_default cmsmasters_row_boxed\">\n<div class=\"cmsmasters_row_outer_parent\">\n<div class=\"cmsmasters_row_outer\">\n<div class=\"cmsmasters_row_inner\">\n<div class=\"cmsmasters_row_margin\">\n<div id=\"cmsmasters_column_z0hw0ed2sn\" class=\"cmsmasters_column one_first\">\n<div class=\"cmsmasters_column_inner\"><div id=\"cmsmasters_heading_wgft4lyfmo\" class=\"cmsmasters_heading_wrap cmsmasters_heading_align_center\">\n\t<h2 class=\"cmsmasters_heading\">Baba-mama k\u00f6r<\/h2>\n<\/div><div class=\"aligncenter\"><div class=\"cmsmasters_img  cmsmasters_image_c\"><img decoding=\"async\" src=\"https:\/\/budaorsi.reformatus.hu\/wp-content\/uploads\/2025\/11\/joshua-reddekopp-qLFJKFBppPM-unsplash-860x500.jpg\" \/><\/div><\/div><div class=\"cmsmasters_text\">\n<div><\/div>\n<div><\/div>\n<div><em>\u201eEngedj\u00e9tek hozz\u00e1m j\u00f6nni a kisgyermekeket, \u00e9s ne akad\u00e1lyozz\u00e1tok \u0151ket, mert ilyenek\u00e9 az Isten orsz\u00e1ga. Bizony mondom nektek: aki nem \u00fagy fogadja az Isten orsz\u00e1g\u00e1t, mint egy kisgyermek, semmik\u00e9ppen sem megy be oda. Ekkor \u00e1t\u00f6lelte, \u00e9s kez\u00e9t r\u00e1juk t\u00e9ve meg\u00e1ldotta \u0151ket.\u201d<\/em><\/div>\n<div>(Mk 10,14\u201315)<\/div>\n<div><\/div>\n<div>Szeptembert\u0151l \u00fajraindult a Baba\u2013Mama k\u00f6r a Buda\u00f6rsi Reform\u00e1tus Egyh\u00e1zk\u00f6zs\u00e9gben!<\/div>\n<div><\/div>\n<div>Szeretettel v\u00e1rjuk a <strong>v\u00e1rand\u00f3s kismam\u00e1kat \u00e9s a kisgyermekes \u00e9desany\u00e1kat<\/strong> ezekre a k\u00f6z\u00f6s d\u00e9lel\u0151tt\u00f6kre.<strong> Hetente,<\/strong> az igei \u00fczenet mellett a gyermekekkel egy\u00fctt \u2013 kacag\u00e1s, j\u00e1t\u00e9kzaj, olykor kis s\u00edr\u00e1s k\u00eds\u00e9ret\u00e9ben \u2013 <strong>\u00e9rkez\u00fcnk Isten jelenl\u00e9t\u00e9be.<\/strong><\/div>\n<div><\/div>\n<div><strong>C\u00e9lunk, hogy egy olyan kapcsolatokkal teli k\u00f6z\u00f6ss\u00e9get teremts\u00fcnk, ahol az any\u00e1k felt\u00f6lt\u0151dhetnek, b\u00e1tor\u00edt\u00e1st \u00e9s t\u00e1mogat\u00f3 t\u00e1rsakat tal\u00e1lhatnak,<\/strong> \u00e9s ahol egym\u00e1sban \u00e9s Isten szeretet\u00e9ben kapaszkod\u00f3t tal\u00e1lhatnak az anyas\u00e1g mindennapjaiban. Ezid\u0151 alatt a gyermekek szabadon j\u00e1tszhatnak a baba\u2013mama szoba j\u00e1t\u00e9kaival, m\u00edg az anyuk\u00e1k \u00e1ltal\u00e1ban egy kereszty\u00e9n k\u00f6nyv t\u00e9m\u00e1ja ment\u00e9n megosztj\u00e1k egym\u00e1ssal gondolataikat.<\/div>\n<div>\n<div><\/div>\n<div><strong>A Baba\u2013Mama k\u00f6r kereszty\u00e9n alapokra \u00e9p\u00fcl,<\/strong> de nem sz\u00fcks\u00e9ges gyakorl\u00f3 h\u00edv\u0151nek lenni a r\u00e9szv\u00e9telhez \u2013 minden \u00e9desany\u00e1t szeretettel v\u00e1runk, aki szeretne egy k\u00f6zvetlen, t\u00e1mogat\u00f3 k\u00f6z\u00f6ss\u00e9gben t\u00f6ltekezni.<\/div>\n<\/div>\n<\/div>\n<\/div><\/div>\n<\/div>\n<\/div>\n<\/div>\n<\/div>\n<\/div>\n<div id=\"cmsmasters_row_2xv2ttv30d\" class=\"cmsmasters_row cmsmasters_color_scheme_default cmsmasters_row_top_default cmsmasters_row_bot_default cmsmasters_row_boxed\">\n<div class=\"cmsmasters_row_outer_parent\">\n<div class=\"cmsmasters_row_outer\">\n<div class=\"cmsmasters_row_inner\">\n<div class=\"cmsmasters_row_margin\">\n<div id=\"cmsmasters_column_q92mpr2rsf\" class=\"cmsmasters_column one_first\">\n<div class=\"cmsmasters_column_inner\"><div class=\"cmsmasters_text\">\n<div>Id\u0151pont: Szerda &#8211; 9:00 \u00f3r\u00e1t\u00f3l (a gyerekek napirendj\u00e9hez igazodva rugalmasan lehet \u00e9rkezni)<\/div>\n<div>Id\u0151tartam: 1,5\u20132 \u00f3ra<\/div>\n<div>Helysz\u00edn: a templom baba\u2013mama szob\u00e1ja, ahol b\u00e1rmikor van lehet\u0151s\u00e9g szoptat\u00e1sra vagy gyermek\u00fck etet\u00e9s\u00e9re.<\/div>\n<\/div>\n<\/div><\/div>\n<\/div>\n<\/div>\n<\/div>\n<\/div>\n<\/div>\n\n","protected":false},"excerpt":{"rendered":"","protected":false},"author":1,"featured_media":0,"parent":0,"menu_order":0,"comment_status":"closed","ping_status":"closed","template":"","meta":{"footnotes":""},"class_list":["post-14537","page","type-page","status-publish","hentry"],"_links":{"self":[{"href":"https:\/\/budaorsi.reformatus.hu\/index.php\/wp-json\/wp\/v2\/pages\/14537","targetHints":{"allow":["GET"]}}],"collection":[{"href":"https:\/\/budaorsi.reformatus.hu\/index.php\/wp-json\/wp\/v2\/pages"}],"about":[{"href":"https:\/\/budaorsi.reformatus.hu\/index.php\/wp-json\/wp\/v2\/types\/page"}],"author":[{"embeddable":true,"href":"https:\/\/budaorsi.reformatus.hu\/index.php\/wp-json\/wp\/v2\/users\/1"}],"replies":[{"embeddable":true,"href":"https:\/\/budaorsi.reformatus.hu\/index.php\/wp-json\/wp\/v2\/comments?post=14537"}],"version-history":[{"count":20,"href":"https:\/\/budaorsi.reformatus.hu\/index.php\/wp-json\/wp\/v2\/pages\/14537\/revisions"}],"predecessor-version":[{"id":14936,"href":"https:\/\/budaorsi.reformatus.hu\/index.php\/wp-json\/wp\/v2\/pages\/14537\/revisions\/14936"}],"wp:attachment":[{"href":"https:\/\/budaorsi.reformatus.hu\/index.php\/wp-json\/wp\/v2\/media?parent=14537"}],"curies":[{"name":"wp","href":"https:\/\/api.w.org\/{rel}","templated":true}]}}