{"id":14541,"date":"2025-03-25T18:59:58","date_gmt":"2025-03-25T18:59:58","guid":{"rendered":"https:\/\/budaorsi.reformatus.hu\/?page_id=14541"},"modified":"2025-11-12T13:09:38","modified_gmt":"2025-11-12T13:09:38","slug":"ferfikor","status":"publish","type":"page","link":"https:\/\/budaorsi.reformatus.hu\/index.php\/ferfikor\/","title":{"rendered":"F\u00e9rfik\u00f6r"},"content":{"rendered":"<div id=\"cmsmasters_row_4g8l4trl3t\" class=\"cmsmasters_row cmsmasters_color_scheme_default cmsmasters_row_top_default cmsmasters_row_bot_default cmsmasters_row_boxed\">\n<div class=\"cmsmasters_row_outer_parent\">\n<div class=\"cmsmasters_row_outer\">\n<div class=\"cmsmasters_row_inner\">\n<div class=\"cmsmasters_row_margin\">\n<div id=\"cmsmasters_column_lywlv3jyn\" class=\"cmsmasters_column one_first\">\n<div class=\"cmsmasters_column_inner\"><div id=\"cmsmasters_heading_420i0kgmko\" class=\"cmsmasters_heading_wrap cmsmasters_heading_align_center\">\n\t<h2 class=\"cmsmasters_heading\">F\u00e9rfik\u00f6r<\/h2>\n<\/div><div class=\"aligncenter\"><div class=\"cmsmasters_img  cmsmasters_image_c\"><img decoding=\"async\" src=\"https:\/\/budaorsi.reformatus.hu\/wp-content\/uploads\/2025\/10\/Reading-the-Bible-1.jpg-860x500.webp\" \/><\/div><\/div><div class=\"cmsmasters_text\">\n<p>&nbsp;<\/p>\n<p><em>&#8222;Vigy\u00e1zzatok, \u00e1lljatok meg a hitben, legyetek f\u00e9rfiak, legyetek er\u0151sek! Minden dolgotok szeretetben menjen v\u00e9gbe!&#8221;<\/em><\/p>\n<p>1Korinthus 16:13-14<\/p>\n<p data-start=\"314\" data-end=\"481\">Ezen az alkalmon a <strong data-start=\"333\" data-end=\"360\">gy\u00fclekezet f\u00e9rfi tagjai<\/strong> gy\u0171lnek \u00f6ssze,<br data-start=\"375\" data-end=\"378\" \/>hogy <strong data-start=\"383\" data-end=\"429\">jobban megismerj\u00e9k Urukat \u00e9s Megv\u00e1lt\u00f3jukat<\/strong>,<br data-start=\"430\" data-end=\"433\" \/>\u00e9s megossz\u00e1k egym\u00e1ssal hitbeli tapasztalataikat.<\/p>\n<p data-start=\"483\" data-end=\"636\">Olyan t\u00e9m\u00e1kr\u00f3l besz\u00e9lget\u00fcnk,<br data-start=\"511\" data-end=\"514\" \/>amelyek <strong data-start=\"522\" data-end=\"555\">k\u00fcl\u00f6n\u00f6sen a f\u00e9rfiakat \u00e9rintik<\/strong>,<br data-start=\"556\" data-end=\"559\" \/>\u00e9s ahol <strong data-start=\"567\" data-end=\"589\">k\u00f6tetlen l\u00e9gk\u00f6rben<\/strong> mindenki elmondhatja a gondolatait, k\u00e9rd\u00e9seit.<\/p>\n<p data-start=\"643\" data-end=\"777\"><strong data-start=\"646\" data-end=\"658\">Id\u0151pont:<\/strong> minden h\u00f3nap <strong data-start=\"672\" data-end=\"690\">utols\u00f3 h\u00e9tf\u0151je<\/strong> \u2013 19:00<br data-start=\"698\" data-end=\"701\" \/><strong data-start=\"704\" data-end=\"717\">Helysz\u00edn:<\/strong> gy\u00fclekezeti terem<\/p>\n<hr data-start=\"779\" data-end=\"782\" \/>\n<h3 data-start=\"784\" data-end=\"816\">\u00c9rdekl\u0151d\u00e9s \u00e9s jelentkez\u00e9s<\/h3>\n<p>Telefon: 06 23 415 205<\/p>\n<p>E-mail: czako.zoltan@reformatus.hu<\/p>\n<\/div>\n<\/div><\/div>\n<\/div>\n<\/div>\n<\/div>\n<\/div>\n<\/div>\n\n","protected":false},"excerpt":{"rendered":"","protected":false},"author":1,"featured_media":0,"parent":0,"menu_order":0,"comment_status":"closed","ping_status":"closed","template":"","meta":{"footnotes":""},"class_list":["post-14541","page","type-page","status-publish","hentry"],"_links":{"self":[{"href":"https:\/\/budaorsi.reformatus.hu\/index.php\/wp-json\/wp\/v2\/pages\/14541","targetHints":{"allow":["GET"]}}],"collection":[{"href":"https:\/\/budaorsi.reformatus.hu\/index.php\/wp-json\/wp\/v2\/pages"}],"about":[{"href":"https:\/\/budaorsi.reformatus.hu\/index.php\/wp-json\/wp\/v2\/types\/page"}],"author":[{"embeddable":true,"href":"https:\/\/budaorsi.reformatus.hu\/index.php\/wp-json\/wp\/v2\/users\/1"}],"replies":[{"embeddable":true,"href":"https:\/\/budaorsi.reformatus.hu\/index.php\/wp-json\/wp\/v2\/comments?post=14541"}],"version-history":[{"count":8,"href":"https:\/\/budaorsi.reformatus.hu\/index.php\/wp-json\/wp\/v2\/pages\/14541\/revisions"}],"predecessor-version":[{"id":14913,"href":"https:\/\/budaorsi.reformatus.hu\/index.php\/wp-json\/wp\/v2\/pages\/14541\/revisions\/14913"}],"wp:attachment":[{"href":"https:\/\/budaorsi.reformatus.hu\/index.php\/wp-json\/wp\/v2\/media?parent=14541"}],"curies":[{"name":"wp","href":"https:\/\/api.w.org\/{rel}","templated":true}]}}