{"id":14544,"date":"2025-03-25T19:01:25","date_gmt":"2025-03-25T19:01:25","guid":{"rendered":"https:\/\/budaorsi.reformatus.hu\/?page_id=14544"},"modified":"2025-11-10T18:44:26","modified_gmt":"2025-11-10T18:44:26","slug":"nyugdijas-delelott","status":"publish","type":"page","link":"https:\/\/budaorsi.reformatus.hu\/index.php\/nyugdijas-delelott\/","title":{"rendered":"Nyugd\u00edjas d\u00e9lel\u0151tt"},"content":{"rendered":"<div id=\"cmsmasters_row_fpuyyyuhg\" class=\"cmsmasters_row cmsmasters_color_scheme_default cmsmasters_row_top_default cmsmasters_row_bot_default cmsmasters_row_boxed\">\n<div class=\"cmsmasters_row_outer_parent\">\n<div class=\"cmsmasters_row_outer\">\n<div class=\"cmsmasters_row_inner\">\n<div class=\"cmsmasters_row_margin\">\n<div id=\"cmsmasters_column_6frbc3ibs\" class=\"cmsmasters_column one_first\">\n<div class=\"cmsmasters_column_inner\"><div id=\"cmsmasters_heading_7965o283ih\" class=\"cmsmasters_heading_wrap cmsmasters_heading_align_center\">\n\t<h2 class=\"cmsmasters_heading\">Nyugd\u00edjas d\u00e9lel\u0151tt<\/h2>\n<\/div><div class=\"cmsmasters_text\">\n<p><span style=\"font-weight: 400;\">\u201e<\/span><i><span style=\"font-weight: 400;\">V\u00e9ns\u00e9getekig ugyanaz maradok, \u0151sz korotokig \u00e9n hordozlak! \u00c9n alkottalak, \u00e9n viszlek, \u00e9n hordozlak, \u00e9n mentelek meg.\u201d <\/span><\/i><span style=\"font-weight: 400;\">(\u00c9zsai\u00e1s 46,4)<\/span><\/p>\n<p data-start=\"266\" data-end=\"460\">Isten \u00edg\u00e9ri, hogy <strong data-start=\"284\" data-end=\"324\">minden \u00e9letkorban gondoskodik r\u00f3lunk<\/strong>.<br data-start=\"325\" data-end=\"328\" \/>Ez azt is jelenti, hogy <strong data-start=\"352\" data-end=\"386\">id\u0151s korban sem hagy el minket<\/strong> \u2013 m\u00e9g akkor sem, amikor <strong data-start=\"411\" data-end=\"457\">fizikai vagy szellemi er\u0151nk m\u00e1r nem a r\u00e9gi<\/strong>.<\/p>\n<p data-start=\"462\" data-end=\"663\">\u0150 <strong data-start=\"464\" data-end=\"490\">nem sz\u00e9gyell benn\u00fcnket<\/strong>, m\u00e9g ha csetl\u00fcnk-botlunk, \u00e9s megmutatja, hogyan v\u00e1lhatunk <strong data-start=\"549\" data-end=\"583\">\u00e1ld\u00e1ss\u00e1 a k\u00f6rnyezet\u00fcnk sz\u00e1m\u00e1ra<\/strong>, m\u00e9g akkor is, ha m\u00e1sok n\u00e9ha azt \u00e9reztetik vel\u00fcnk, hogy feleslegesek vagyunk.<\/p>\n<p data-start=\"665\" data-end=\"756\">Isten <strong data-start=\"671\" data-end=\"693\">nemcsak megmutatja<\/strong>, hanem <strong data-start=\"701\" data-end=\"727\">munk\u00e1lja is mindazokban,<\/strong>\u00a0akik Vele egy\u00fcttm\u0171k\u00f6dnek.<\/p>\n<hr data-start=\"758\" data-end=\"761\" \/>\n<h3 data-start=\"763\" data-end=\"796\">Hogyan zajlanak ezek az alkalmak?<\/h3>\n<p data-start=\"798\" data-end=\"847\">Nyugd\u00edjas alkalmunkon lehet\u0151s\u00e9g van arra, hogy:<\/p>\n<ul>\n<li data-start=\"850\" data-end=\"921\"><strong data-start=\"850\" data-end=\"879\">jobban megismerj\u00fck Istent<\/strong>, az \u00edg\u00e9reteket ad\u00f3 \u00e9s beteljes\u00edt\u0151 Urat,<\/li>\n<li data-start=\"924\" data-end=\"976\"><strong data-start=\"924\" data-end=\"946\">besz\u00e9lgess\u00fcnk Vele<\/strong>, tanulm\u00e1nyozzuk <strong data-start=\"963\" data-end=\"973\">Ig\u00e9j\u00e9t<\/strong>,<\/li>\n<li data-start=\"979\" data-end=\"1015\">\u00e9lvezz\u00fck az <strong data-start=\"991\" data-end=\"1012\">im\u00e1ds\u00e1g aj\u00e1nd\u00e9k\u00e1t<\/strong>,<\/li>\n<li data-start=\"1018\" data-end=\"1150\">kit\u00e1rjuk <strong data-start=\"1027\" data-end=\"1047\">sz\u00edv\u00fcnket El\u0151tte<\/strong>, hogy \u00f6r\u00f6meink, gondjaink, f\u00e9lelmeink \u00e9s f\u00e1jdalmaink <strong data-start=\"1101\" data-end=\"1133\">J\u00e9zus Krisztus vil\u00e1goss\u00e1g\u00e1ba<\/strong> ker\u00fclhessenek,<\/li>\n<li data-start=\"1153\" data-end=\"1216\">megtapasztaljuk a <strong data-start=\"1171\" data-end=\"1201\">testv\u00e9ri k\u00f6z\u00f6ss\u00e9g \u00e1ld\u00e1sait<\/strong> egym\u00e1s k\u00f6z\u00f6tt.<\/li>\n<\/ul>\n<hr data-start=\"1218\" data-end=\"1221\" \/>\n<p data-start=\"1223\" data-end=\"1295\"><strong data-start=\"1226\" data-end=\"1238\">Id\u0151pont:<\/strong> Szerda \u2013 9:30<br data-start=\"1252\" data-end=\"1255\" \/><strong data-start=\"1258\" data-end=\"1271\">Helysz\u00edn:<\/strong> Templom emeleti terme<\/p>\n<\/div>\n<\/div><\/div>\n<\/div>\n<\/div>\n<\/div>\n<\/div>\n<\/div>\n\n","protected":false},"excerpt":{"rendered":"","protected":false},"author":1,"featured_media":0,"parent":0,"menu_order":0,"comment_status":"closed","ping_status":"closed","template":"","meta":{"footnotes":""},"class_list":["post-14544","page","type-page","status-publish","hentry"],"_links":{"self":[{"href":"https:\/\/budaorsi.reformatus.hu\/index.php\/wp-json\/wp\/v2\/pages\/14544","targetHints":{"allow":["GET"]}}],"collection":[{"href":"https:\/\/budaorsi.reformatus.hu\/index.php\/wp-json\/wp\/v2\/pages"}],"about":[{"href":"https:\/\/budaorsi.reformatus.hu\/index.php\/wp-json\/wp\/v2\/types\/page"}],"author":[{"embeddable":true,"href":"https:\/\/budaorsi.reformatus.hu\/index.php\/wp-json\/wp\/v2\/users\/1"}],"replies":[{"embeddable":true,"href":"https:\/\/budaorsi.reformatus.hu\/index.php\/wp-json\/wp\/v2\/comments?post=14544"}],"version-history":[{"count":5,"href":"https:\/\/budaorsi.reformatus.hu\/index.php\/wp-json\/wp\/v2\/pages\/14544\/revisions"}],"predecessor-version":[{"id":14909,"href":"https:\/\/budaorsi.reformatus.hu\/index.php\/wp-json\/wp\/v2\/pages\/14544\/revisions\/14909"}],"wp:attachment":[{"href":"https:\/\/budaorsi.reformatus.hu\/index.php\/wp-json\/wp\/v2\/media?parent=14544"}],"curies":[{"name":"wp","href":"https:\/\/api.w.org\/{rel}","templated":true}]}}