{"id":14549,"date":"2025-03-25T19:02:35","date_gmt":"2025-03-25T19:02:35","guid":{"rendered":"https:\/\/budaorsi.reformatus.hu\/?page_id=14549"},"modified":"2025-10-14T17:04:54","modified_gmt":"2025-10-14T17:04:54","slug":"kamaraerdei-istentisztelet","status":"publish","type":"page","link":"https:\/\/budaorsi.reformatus.hu\/index.php\/kamaraerdei-istentisztelet\/","title":{"rendered":"Kamaraerdei istentisztelet"},"content":{"rendered":"<div id=\"cmsmasters_row_vf2airq32l\" class=\"cmsmasters_row cmsmasters_color_scheme_default cmsmasters_row_top_default cmsmasters_row_bot_default cmsmasters_row_boxed\">\n<div class=\"cmsmasters_row_outer_parent\">\n<div class=\"cmsmasters_row_outer\">\n<div class=\"cmsmasters_row_inner\">\n<div class=\"cmsmasters_row_margin\">\n<div id=\"cmsmasters_column_bjsl6we1ms\" class=\"cmsmasters_column one_first\">\n<div class=\"cmsmasters_column_inner\"><div id=\"cmsmasters_heading_pdzh2tn9p\" class=\"cmsmasters_heading_wrap cmsmasters_heading_align_center\">\n\t<h2 class=\"cmsmasters_heading\">Kamaraerdei istentisztelet<\/h2>\n<\/div><div class=\"cmsmasters_text\">\n<p><span style=\"font-weight: 400;\">A F\u0151v\u00e1rosi \u00d6nkorm\u00e1nyzat Kamaraerdei \u00dati Id\u0151sek Otthon\u00e1ban k\u00e9thetente tartunk istentiszteletet. Sokan j\u00f6nnek a Kelenf\u00f6ldi Reform\u00e1tus Gy\u00fclekezetb\u0151l seg\u00edteni erre az alkalomra. Az id\u0151seket a szob\u00e1ikb\u00f3l elk\u00eds\u00e9rik az istentisztelet helysz\u00edn\u00e9re \u00e9s a v\u00e9g\u00e9n vissza is viszik \u0151ket.<\/span><\/p>\n<p><span style=\"font-weight: 400;\">Ennek az alkalma keddenk\u00e9nt 15:30-t\u00f3l van.\u00a0<\/span><\/p>\n<\/div>\n<\/div><\/div>\n<\/div>\n<\/div>\n<\/div>\n<\/div>\n<\/div>\n\n","protected":false},"excerpt":{"rendered":"","protected":false},"author":1,"featured_media":0,"parent":0,"menu_order":0,"comment_status":"closed","ping_status":"closed","template":"","meta":{"footnotes":""},"class_list":["post-14549","page","type-page","status-publish","hentry"],"_links":{"self":[{"href":"https:\/\/budaorsi.reformatus.hu\/index.php\/wp-json\/wp\/v2\/pages\/14549","targetHints":{"allow":["GET"]}}],"collection":[{"href":"https:\/\/budaorsi.reformatus.hu\/index.php\/wp-json\/wp\/v2\/pages"}],"about":[{"href":"https:\/\/budaorsi.reformatus.hu\/index.php\/wp-json\/wp\/v2\/types\/page"}],"author":[{"embeddable":true,"href":"https:\/\/budaorsi.reformatus.hu\/index.php\/wp-json\/wp\/v2\/users\/1"}],"replies":[{"embeddable":true,"href":"https:\/\/budaorsi.reformatus.hu\/index.php\/wp-json\/wp\/v2\/comments?post=14549"}],"version-history":[{"count":3,"href":"https:\/\/budaorsi.reformatus.hu\/index.php\/wp-json\/wp\/v2\/pages\/14549\/revisions"}],"predecessor-version":[{"id":14679,"href":"https:\/\/budaorsi.reformatus.hu\/index.php\/wp-json\/wp\/v2\/pages\/14549\/revisions\/14679"}],"wp:attachment":[{"href":"https:\/\/budaorsi.reformatus.hu\/index.php\/wp-json\/wp\/v2\/media?parent=14549"}],"curies":[{"name":"wp","href":"https:\/\/api.w.org\/{rel}","templated":true}]}}