{"id":14974,"date":"2026-03-17T20:50:33","date_gmt":"2026-03-17T20:50:33","guid":{"rendered":"https:\/\/budaorsi.reformatus.hu\/?page_id=14974"},"modified":"2026-03-17T21:00:33","modified_gmt":"2026-03-17T21:00:33","slug":"hirek","status":"publish","type":"page","link":"https:\/\/budaorsi.reformatus.hu\/index.php\/hirek\/","title":{"rendered":"H\u00edrek"},"content":{"rendered":"<div id=\"cmsmasters_row_ts2ezfv79o\" class=\"cmsmasters_row cmsmasters_color_scheme_default cmsmasters_row_top_default cmsmasters_row_bot_default cmsmasters_row_boxed\">\n<div class=\"cmsmasters_row_outer_parent\">\n<div class=\"cmsmasters_row_outer\">\n<div class=\"cmsmasters_row_inner\">\n<div class=\"cmsmasters_row_margin\">\n<div id=\"cmsmasters_column_l3vys77lp\" class=\"cmsmasters_column one_first\">\n<div class=\"cmsmasters_column_inner\"><div id=\"blog_fy7aiyghu\" class=\"cmsmasters_wrap_blog entry-summary\" data-layout=\"standard\" data-layout-mode=\"\" data-url=\"https:\/\/budaorsi.reformatus.hu\/wp-content\/plugins\/cmsmasters-content-composer\/\" data-orderby=\"date\" data-order=\"DESC\" data-count=\"12\" data-categories=\"csalad,egyeb,gyulekezet-templom\" data-metadata=\"date,more\" data-pagination=\"pagination\"><div class=\"blog standard\"><!--_________________________ Start Post Default Article _________________________ -->\r\n<article id=\"post-14792\" class=\"cmsmasters_post_default post-14792 post type-post status-publish format-standard hentry category-egyeb\">\r\n\t<div class=\"cmsmasters_post_cont\">\r\n\t<span class=\"cmsmasters_post_date\"><abbr class=\"published\" title=\"okt\u00f3ber 7, 2025\">okt\u00f3ber 7, 2025<\/abbr><abbr class=\"dn date updated\" title=\"m\u00e1rcius 17, 2026\">m\u00e1rcius 17, 2026<\/abbr><\/span><header class=\"cmsmasters_post_header entry-header\"><h2 class=\"cmsmasters_post_title entry-title\"><a href=\"https:\/\/budaorsi.reformatus.hu\/index.php\/2025\/10\/07\/bucsuistentisztelet-nt-petone-puski-ilona\/\">B\u00facs\u00faistentisztelet &#8211; Nt. Pet\u0151n\u00e9 P\u00fcski Ilona<\/a><\/h2><\/header><footer class=\"cmsmasters_post_footer entry-meta\"><a class=\"cmsmasters_post_read_more\" href=\"https:\/\/budaorsi.reformatus.hu\/index.php\/2025\/10\/07\/bucsuistentisztelet-nt-petone-puski-ilona\/\">Tov\u00e1bb a cikkre...<\/a><\/footer>\t<\/div>\r\n<\/article>\r\n<!--_________________________ Finish Post Default Article _________________________ -->\r\n\r\n<!--_________________________ Start Post Default Article _________________________ -->\r\n<article id=\"post-85\" class=\"cmsmasters_post_default post-85 post type-post status-publish format-image has-post-thumbnail hentry category-gyulekezet-templom category-keresztyen-elet post_format-post-format-image\">\r\n\t<div class=\"cmsmasters_post_cont\">\r\n\t<span class=\"cmsmasters_post_date\"><abbr class=\"published\" title=\"j\u00falius 22, 2017\">j\u00falius 22, 2017<\/abbr><abbr class=\"dn date updated\" title=\"okt\u00f3ber 14, 2025\">okt\u00f3ber 14, 2025<\/abbr><\/span><header class=\"cmsmasters_post_header entry-header\"><h2 class=\"cmsmasters_post_title entry-title\"><a href=\"https:\/\/budaorsi.reformatus.hu\/index.php\/2017\/07\/22\/ifi-konfi-hetvege\/\">Ifi-konfi h\u00e9tv\u00e9ge<\/a><\/h2><\/header><figure class=\"cmsmasters_img_wrap\"><a href=\"https:\/\/budaorsi.reformatus.hu\/wp-content\/uploads\/2025\/03\/templomter-1.png\" title=\"Ifi-konfi h\u00e9tv\u00e9ge\" rel=\"ilightbox[img_85_69ea4c505b7b3]\" class=\"cmsmasters_img_link\"><img loading=\"lazy\" decoding=\"async\" width=\"860\" height=\"598\" src=\"https:\/\/budaorsi.reformatus.hu\/wp-content\/uploads\/2025\/03\/templomter-1-860x598.png\" class=\" wp-post-image\" alt=\"Ifi-konfi h\u00e9tv\u00e9ge\" title=\"templomter (1)\" srcset=\"https:\/\/budaorsi.reformatus.hu\/wp-content\/uploads\/2025\/03\/templomter-1-860x598.png 860w, https:\/\/budaorsi.reformatus.hu\/wp-content\/uploads\/2025\/03\/templomter-1-300x208.png 300w, https:\/\/budaorsi.reformatus.hu\/wp-content\/uploads\/2025\/03\/templomter-1-1024x711.png 1024w, https:\/\/budaorsi.reformatus.hu\/wp-content\/uploads\/2025\/03\/templomter-1-768x534.png 768w, https:\/\/budaorsi.reformatus.hu\/wp-content\/uploads\/2025\/03\/templomter-1-1536x1067.png 1536w, https:\/\/budaorsi.reformatus.hu\/wp-content\/uploads\/2025\/03\/templomter-1-2048x1423.png 2048w, https:\/\/budaorsi.reformatus.hu\/wp-content\/uploads\/2025\/03\/templomter-1-580x403.png 580w, https:\/\/budaorsi.reformatus.hu\/wp-content\/uploads\/2025\/03\/templomter-1-1160x806.png 1160w, https:\/\/budaorsi.reformatus.hu\/wp-content\/uploads\/2025\/03\/templomter-1-1320x917.png 1320w\" sizes=\"auto, (max-width: 860px) 100vw, 860px\" \/><\/a><\/figure><div class=\"cmsmasters_post_content entry-content\">\n<p>2025. m\u00e1rcius 22-24 k\u00f6z\u00f6tt konfi\/ifi t\u00e1borban voltunk Kisorosziban.<\/p>\n<\/div>\n<footer class=\"cmsmasters_post_footer entry-meta\"><a class=\"cmsmasters_post_read_more\" href=\"https:\/\/budaorsi.reformatus.hu\/index.php\/2017\/07\/22\/ifi-konfi-hetvege\/\">Tov\u00e1bb a cikkre...<\/a><\/footer>\t<\/div>\r\n<\/article>\r\n<!--_________________________ Finish Post Default Article _________________________ -->\r\n\r\n<\/div><div class=\"cmsmasters_wrap_more_posts cmsmasters_wrap_more_items\"><\/div><\/div>\n<\/div><\/div>\n<\/div>\n<\/div>\n<\/div>\n<\/div>\n<\/div>\n\n","protected":false},"excerpt":{"rendered":"","protected":false},"author":1,"featured_media":0,"parent":0,"menu_order":0,"comment_status":"closed","ping_status":"closed","template":"","meta":{"footnotes":""},"class_list":["post-14974","page","type-page","status-publish","hentry"],"_links":{"self":[{"href":"https:\/\/budaorsi.reformatus.hu\/index.php\/wp-json\/wp\/v2\/pages\/14974","targetHints":{"allow":["GET"]}}],"collection":[{"href":"https:\/\/budaorsi.reformatus.hu\/index.php\/wp-json\/wp\/v2\/pages"}],"about":[{"href":"https:\/\/budaorsi.reformatus.hu\/index.php\/wp-json\/wp\/v2\/types\/page"}],"author":[{"embeddable":true,"href":"https:\/\/budaorsi.reformatus.hu\/index.php\/wp-json\/wp\/v2\/users\/1"}],"replies":[{"embeddable":true,"href":"https:\/\/budaorsi.reformatus.hu\/index.php\/wp-json\/wp\/v2\/comments?post=14974"}],"version-history":[{"count":6,"href":"https:\/\/budaorsi.reformatus.hu\/index.php\/wp-json\/wp\/v2\/pages\/14974\/revisions"}],"predecessor-version":[{"id":14981,"href":"https:\/\/budaorsi.reformatus.hu\/index.php\/wp-json\/wp\/v2\/pages\/14974\/revisions\/14981"}],"wp:attachment":[{"href":"https:\/\/budaorsi.reformatus.hu\/index.php\/wp-json\/wp\/v2\/media?parent=14974"}],"curies":[{"name":"wp","href":"https:\/\/api.w.org\/{rel}","templated":true}]}}