{"id":529,"date":"2025-03-25T11:50:56","date_gmt":"2025-03-25T11:50:56","guid":{"rendered":"http:\/\/welfare.cmsmasters.net\/?page_id=529"},"modified":"2025-11-10T16:45:06","modified_gmt":"2025-11-10T16:45:06","slug":"who-we-are","status":"publish","type":"page","link":"https:\/\/budaorsi.reformatus.hu\/index.php\/who-we-are\/","title":{"rendered":"A gy\u00fclekezet t\u00f6rt\u00e9nete"},"content":{"rendered":"<div id=\"cmsmasters_row_icpmb6j59\" class=\"cmsmasters_row cmsmasters_color_scheme_default cmsmasters_row_top_default cmsmasters_row_bot_default cmsmasters_row_boxed\">\n<div class=\"cmsmasters_row_outer_parent\">\n<div class=\"cmsmasters_row_outer\">\n<div class=\"cmsmasters_row_inner\">\n<div class=\"cmsmasters_row_margin\">\n<div id=\"cmsmasters_column_8fsbl2b01r\" class=\"cmsmasters_column one_first\">\n<div class=\"cmsmasters_column_inner\"><div id=\"cmsmasters_heading_awi1pas517\" class=\"cmsmasters_heading_wrap cmsmasters_heading_align_center\">\n\t<h2 class=\"cmsmasters_heading\">A gy\u00fclekezet t\u00f6rt\u00e9nete<\/h2>\n<\/div><div class=\"aligncenter\"><div class=\"cmsmasters_img  cmsmasters_image_c\"><img decoding=\"async\" src=\"https:\/\/budaorsi.reformatus.hu\/wp-content\/uploads\/2025\/10\/History-chatgpt-860x500.png\" \/><\/div><\/div><div class=\"cmsmasters_text\">\n<p>&nbsp;<\/p>\n<p>Az I. vil\u00e1gh\u00e1bor\u00fa kit\u00f6r\u00e9s\u00e9ig Buda\u00f6rs k\u00f6zs\u00e9get szinte kiz\u00e1r\u00f3lag r\u00f3mai katolikus vall\u00e1s\u00fa sv\u00e1b lakoss\u00e1g lakta. A vil\u00e1gh\u00e1bor\u00fa kit\u00f6r\u00e9se ut\u00e1n ez a z\u00e1rt k\u00f6z\u00f6ss\u00e9g kezdett felbomlani. \u00cdgy \u00e9rkezett ide 1917-ben\u00a0<strong>Nagy P\u00e1l<\/strong>, akit mint M\u00c1V alkalmazottat Buda\u00f6rsre helyeztek. Ez a csal\u00e1d volt az a reform\u00e1tus vall\u00e1s\u00fa mag, amelyb\u0151l a mai egyh\u00e1zk\u00f6zs\u00e9g kifejl\u0151d\u00f6tt. A nyolc gyermekes Nagy csal\u00e1d az els\u0151 id\u0151kben Budafokra j\u00e1rt istentiszteletekre.<\/p>\n<p><strong>1926-ban<\/strong>\u00a0mint H\u00c9V alkalmazottat T\u00f6r\u00f6kb\u00e1lintr\u00f3l Buda\u00f6rsre helyezt\u00e9k\u00a0<strong>Cs\u00e1k\u00e1ny Mih\u00e1lyt<\/strong>\u00a0csal\u00e1dj\u00e1val, hat gyermek\u00e9vel egy\u00fctt. \u0150k eleinte T\u00f6r\u00f6kb\u00e1lintra j\u00e1rtak, ahol a Budafoki Reform\u00e1tus Egyh\u00e1z sz\u00f3rv\u00e1nyak\u00e9nt m\u0171k\u00f6d\u00f6tt reform\u00e1tus gy\u00fclekezet.<\/p>\n<p><strong>1932-ben<\/strong>\u00a0kezd\u0151d\u00f6tt meg Buda\u00f6rs\u00f6n a reform\u00e1tus gy\u00fclekezet megszervez\u00e9se\u00a0<strong>Sz\u00e9kely S\u00e1ndor<\/strong>\u00a0ref. lelkip\u00e1sztor vezet\u00e9s\u00e9vel, hisz a Nagy \u00e9s a Cs\u00e1k\u00e1ny csal\u00e1d gyermekei kezdtek feln\u0151tt\u00e9 v\u00e1lni. Az akkori M\u00c1V \u00e1llom\u00e1s f\u0151n\u00f6ke reform\u00e1tus vall\u00e1s\u00fa volt, \u00e9s megengedte, hogy az istentiszteleteket vas\u00e1rnaponk\u00e9nt az \u00e1llom\u00e1s I. oszt\u00e1ly\u00fa v\u00e1r\u00f3term\u00e9ben tarts\u00e1k. A gy\u00fclekezet kezdetben M\u00c1V \u00e9s H\u00c9V alkalmazottakb\u00f3l, csend\u0151r\u00f6kb\u0151l, iparosokb\u00f3l, pedag\u00f3gusokb\u00f3l \u00e1llt. 14 csal\u00e1d j\u00e1rt gyermekeivel egy\u00fctt az istentiszteletekre. A biblia\u00f3r\u00e1kat \u00e9s egy\u00e9b alkalmakat Nagy P\u00e1l lak\u00e1s\u00e1n tartott\u00e1k. K\u00e9s\u0151bb az istentiszteleteket \u00e9s a konfirm\u00e1ci\u00f3i \u00fcnneps\u00e9get is lak\u00e1sokon kellett megtartani.<\/p>\n<p><strong>1941-ben<\/strong>\u00a0alakult meg Buda\u00f6rs\u00f6n a gy\u00fclekezet, a Budafoki Reform\u00e1tus Egyh\u00e1zk\u00f6zs\u00e9g sz\u00f3rv\u00e1nyak\u00e9nt. Gondnokul\u00a0<strong>Nagy P\u00e1lt<\/strong>\u00a0v\u00e1lasztott\u00e1k. A h\u00e1rom presbiter egyike,\u00a0<strong>Cs\u00e1k\u00e1ny J\u00f3zsef<\/strong>\u00a0k\u00e9s\u0151bb az \u00f6n\u00e1ll\u00f3 gy\u00fclekezet gondnoka lett. A szolg\u00e1latokat\u00a0<strong>Luk\u00e1cs J\u00f3zsef<\/strong>\u00a0budafoki seg\u00e9dlelk\u00e9sz v\u00e9gezte.<\/p>\n<p>A sz\u00e9pen fejl\u0151d\u0151 gy\u00fclekezeti \u00e9letet is kett\u00e9t\u00f6rte a II. vil\u00e1gh\u00e1bor\u00fa. Csak 1946-ban indultak \u00fajra a gy\u00fclekezeti alkalmak, de m\u00e1r \u00faj k\u00f6r\u00fclm\u00e9nyek k\u00f6z\u00f6tt. A k\u00f6zs\u00e9g 95%-\u00e1t mint n\u00e9metajk\u00fa lakoss\u00e1got kitelep\u00edtett\u00e9k N\u00e9metorsz\u00e1gba \u00e9s hely\u00fckbe az orsz\u00e1g minden t\u00e1j\u00e1r\u00f3l (Felvid\u00e9k, Erd\u00e9ly, D\u00e9lvid\u00e9k &#8230;) telep\u00fcltek be \u00faj csal\u00e1dok, k\u00f6zt\u00fck t\u00f6bben reform\u00e1tus vall\u00e1s\u00faak is. Az eredeti gy\u00fclekezet mintegy 150 f\u0151re n\u00f6vekedett. Az istentiszteleteket \u00e9s biblia\u00f3r\u00e1kat akkoriban a Nagy P\u00e1l-f\u00e9le vend\u00e9gl\u0151 nagyterm\u00e9ben tartott\u00e1k. Itt m\u00e1r az egyh\u00e1ztagok vall\u00e1sos el\u0151ad\u00e1sai is helyet kaphattak.<\/p>\n<\/div>\n<\/div><\/div>\n<\/div>\n<\/div>\n<\/div>\n<\/div>\n<\/div>\n<div id=\"cmsmasters_row_w2c759m1oe\" class=\"cmsmasters_row cmsmasters_color_scheme_default cmsmasters_row_top_default cmsmasters_row_bot_default cmsmasters_row_boxed\">\n<div class=\"cmsmasters_row_outer_parent\">\n<div class=\"cmsmasters_row_outer\">\n<div class=\"cmsmasters_row_inner\">\n<div class=\"cmsmasters_row_margin\">\n<div id=\"cmsmasters_column_o222poqrsh\" class=\"cmsmasters_column one_half\">\n<div class=\"cmsmasters_column_inner\">\n<div id=\"cmsmasters_divider_15vhq1ywhs\" class=\"cl\"><\/div>\n<div class=\"cmsmasters_text\">\n<p><strong>1948-ban<\/strong>\u00a0Nagy P\u00e1l, a gy\u00fclekezet gondnoka csal\u00e1di h\u00e1zat ig\u00e9nyelt a gy\u00fclekezet r\u00e9sz\u00e9re, amelyb\u0151l a tulajdonost kitelep\u00edtett\u00e9k.<code><\/code><\/p>\n<p><strong>1948 szeptember els\u0151 vas\u00e1rnapj\u00e1n alakult<\/strong>\u00a0meg Buda\u00f6rs k\u00f6zs\u00e9gben az els\u0151 reform\u00e1tus gy\u00fclekezet\u00a0<strong>Vir\u00e1gh B\u00e9la<\/strong>\u00a0lelkip\u00e1sztor vezet\u00e9s\u00e9vel.<\/p>\n<\/div>\n<\/div><\/div>\n<div id=\"cmsmasters_column_ckfvsjmi6e\" class=\"cmsmasters_column one_half\">\n<div class=\"cmsmasters_column_inner\"><div class=\"cmsmasters_img  cmsmasters_image_n\"><img decoding=\"async\" src=\"https:\/\/budaorsi.reformatus.hu\/wp-content\/uploads\/2025\/03\/gy_t_1.jpg\" \/><\/div>\n<\/div><\/div>\n<\/div>\n<\/div>\n<\/div>\n<\/div>\n<\/div>\n<div id=\"cmsmasters_row_iov3wx8nbc\" class=\"cmsmasters_row cmsmasters_color_scheme_default cmsmasters_row_top_default cmsmasters_row_bot_default cmsmasters_row_boxed\">\n<div class=\"cmsmasters_row_outer_parent\">\n<div class=\"cmsmasters_row_outer\">\n<div class=\"cmsmasters_row_inner\">\n<div class=\"cmsmasters_row_margin\">\n<div id=\"cmsmasters_column_dlpxq5pals\" class=\"cmsmasters_column one_half\">\n<div class=\"cmsmasters_column_inner\">\n<div id=\"cmsmasters_divider_wc2um87hi\" class=\"cl\"><\/div>\n<div class=\"cmsmasters_text\">\n<p>&nbsp;<\/p>\n<p>Ebben a h\u00e1zban \u00fczlethelyis\u00e9g is volt, ezt alak\u00edtott\u00e1k \u00e1t imateremm\u00e9, ezt haszn\u00e1lta gy\u00fclekezet\u00fcnk\u00a02018-ig. Ezut\u00e1n a katolikus \u00e1ltal\u00e1nos iskola, majd az evang\u00e9likus templom (valamint a Farkasr\u00e9ti \u00fati \u00e9p\u00fclet, id\u0151leges lelk\u00e9szi hivatalk\u00e9nt) adott helyet gy\u00fclekezet\u00fcnknek, am\u00edg 2021. augusztus\u00e1ban bek\u00f6lt\u00f6zt\u00fcnk a Buda\u00f6rs, Szabads\u00e1g \u00fat 71. sz. alatti \u00faj templomunkba.<\/p>\n<\/div>\n<\/div><\/div>\n<div id=\"cmsmasters_column_y7f2a1njkf\" class=\"cmsmasters_column one_half\">\n<div class=\"cmsmasters_column_inner\"><div class=\"cmsmasters_img  cmsmasters_image_n\"><img decoding=\"async\" src=\"https:\/\/budaorsi.reformatus.hu\/wp-content\/uploads\/2025\/03\/gy_t_2.jpg\" \/><\/div>\n<\/div><\/div>\n<\/div>\n<\/div>\n<\/div>\n<\/div>\n<\/div>\n<div id=\"cmsmasters_row_q21cfwg54k\" class=\"cmsmasters_row cmsmasters_color_scheme_default cmsmasters_row_top_default cmsmasters_row_bot_default cmsmasters_row_boxed\">\n<div class=\"cmsmasters_row_outer_parent\">\n<div class=\"cmsmasters_row_outer\">\n<div class=\"cmsmasters_row_inner\">\n<div class=\"cmsmasters_row_margin\">\n<div id=\"cmsmasters_column_2fddj0zev\" class=\"cmsmasters_column one_first\">\n<div class=\"cmsmasters_column_inner\"><div id=\"cmsmasters_heading_mcsyi0h6sc\" class=\"cmsmasters_heading_wrap cmsmasters_heading_align_left\">\n\t<h3 class=\"cmsmasters_heading\">Eddigi lelk\u00e9szeink<\/h3>\n<\/div><ul id=\"cmsmasters_icon_list_items_xhqco2psin\" class=\"cmsmasters_icon_list_items cmsmasters_icon_list_type_list\"><li id=\"cmsmasters_icon_list_item_btpbui6vx5\" class=\"cmsmasters_icon_list_item cmsmasters-icon-thumbs-up-5\"> Dr. Tarr K\u00e1lm\u00e1n (1953-1963)<\/li><li id=\"cmsmasters_icon_list_item_p3qzuz2ydo\" class=\"cmsmasters_icon_list_item cmsmasters-icon-thumbs-up-5\"> Debreczeni Istv\u00e1n (1963-1964)<\/li><li id=\"cmsmasters_icon_list_item_ykqvdyhd6\" class=\"cmsmasters_icon_list_item cmsmasters-icon-thumbs-up-5\">Viczi\u00e1n J\u00e1nos (1964-1974)<\/li><li id=\"cmsmasters_icon_list_item_fynf6r79jn\" class=\"cmsmasters_icon_list_item cmsmasters-icon-thumbs-up-5\">P. T\u00f3th B\u00e9la (1974-1982)<\/li><li id=\"cmsmasters_icon_list_item_dkmj6sr34i\" class=\"cmsmasters_icon_list_item cmsmasters-icon-thumbs-up-5\">Berkesi G\u00e1bor (1982-1993)<\/li><li id=\"cmsmasters_icon_list_item_mre4g7ouwq\" class=\"cmsmasters_icon_list_item cmsmasters-icon-thumbs-up-5\">Pet\u0151n\u00e9 P\u00fcski Ilona (1993-2025)<\/li><li id=\"cmsmasters_icon_list_item_igems8y6p9\" class=\"cmsmasters_icon_list_item cmsmasters-icon-thumbs-up-5\">Czak\u00f3 Zolt\u00e1n (2022-)<\/li><\/ul>\n<\/div><\/div>\n<\/div>\n<\/div>\n<\/div>\n<\/div>\n<\/div>\n\n","protected":false},"excerpt":{"rendered":"","protected":false},"author":1,"featured_media":0,"parent":0,"menu_order":0,"comment_status":"closed","ping_status":"closed","template":"","meta":{"footnotes":""},"class_list":["post-529","page","type-page","status-publish","hentry"],"_links":{"self":[{"href":"https:\/\/budaorsi.reformatus.hu\/index.php\/wp-json\/wp\/v2\/pages\/529","targetHints":{"allow":["GET"]}}],"collection":[{"href":"https:\/\/budaorsi.reformatus.hu\/index.php\/wp-json\/wp\/v2\/pages"}],"about":[{"href":"https:\/\/budaorsi.reformatus.hu\/index.php\/wp-json\/wp\/v2\/types\/page"}],"author":[{"embeddable":true,"href":"https:\/\/budaorsi.reformatus.hu\/index.php\/wp-json\/wp\/v2\/users\/1"}],"replies":[{"embeddable":true,"href":"https:\/\/budaorsi.reformatus.hu\/index.php\/wp-json\/wp\/v2\/comments?post=529"}],"version-history":[{"count":30,"href":"https:\/\/budaorsi.reformatus.hu\/index.php\/wp-json\/wp\/v2\/pages\/529\/revisions"}],"predecessor-version":[{"id":14888,"href":"https:\/\/budaorsi.reformatus.hu\/index.php\/wp-json\/wp\/v2\/pages\/529\/revisions\/14888"}],"wp:attachment":[{"href":"https:\/\/budaorsi.reformatus.hu\/index.php\/wp-json\/wp\/v2\/media?parent=529"}],"curies":[{"name":"wp","href":"https:\/\/api.w.org\/{rel}","templated":true}]}}