{"id":7366,"date":"2020-11-18T08:37:53","date_gmt":"2020-11-18T08:37:53","guid":{"rendered":"http:\/\/interior-design.cmsmasters.net\/?page_id=7366"},"modified":"2026-03-17T20:30:19","modified_gmt":"2026-03-17T20:30:19","slug":"home-store","status":"publish","type":"page","link":"https:\/\/budaorsi.reformatus.hu\/","title":{"rendered":"Nyit\u00f3lap"},"content":{"rendered":"<div id=\"cmsmasters_row_xq2wu4o5ue\" class=\"cmsmasters_row cmsmasters_color_scheme_default cmsmasters_row_top_default cmsmasters_row_bot_default cmsmasters_row_boxed\">\n<div class=\"cmsmasters_row_outer_parent\">\n<div class=\"cmsmasters_row_outer\">\n<div class=\"cmsmasters_row_inner\">\n<div class=\"cmsmasters_row_margin\">\n<div id=\"cmsmasters_column_29o5f38mhe\" class=\"cmsmasters_column one_first\">\n<div class=\"cmsmasters_column_inner\">\n<div class=\"cmsmasters_slider\">\n\t\t\t\t<p class=\"rs-p-wp-fix\"><\/p>\n\t\t\t\t<sr7-module data-alias=\"Home\" data-id=\"1\" id=\"SR7_1_1\" class=\"rs-ov-hidden\" data-version=\"6.7.28\">\n\t\t\t\t\t<sr7-adjuster><\/sr7-adjuster>\n\t\t\t\t\t<sr7-content>\n\t\t\t\t\t\t<sr7-slide id=\"SR7_1_1-2\" data-key=\"2\">\n\t\t\t\t\t\t\t<sr7-bg id=\"SR7_1_1-2-1\" class=\"sr7-layer\"><noscript><img decoding=\"async\" src=\"https:\/\/budaorsi.reformatus.hu\/wp-content\/uploads\/2025\/03\/2022.11.budaors-templom-114-scaled.jpg\" alt=\"\" title=\"2022.11.budaors-templom-114\"><\/noscript><\/sr7-bg>\n\t\t\t\t\t\t<\/sr7-slide>\n\t\t\t\t\t\t<sr7-slide id=\"SR7_1_1-1\" data-key=\"1\">\n\t\t\t\t\t\t\t<sr7-bg id=\"SR7_1_1-1-1\" class=\"sr7-layer\"><noscript><img decoding=\"async\" src=\"https:\/\/budaorsi.reformatus.hu\/wp-content\/uploads\/2025\/03\/templomter-1.png\" alt=\"\" title=\"templomter (1)\"><\/noscript><\/sr7-bg>\n\t\t\t\t\t\t<\/sr7-slide>\n\t\t\t\t\t\t<sr7-slide id=\"SR7_1_1-4\" data-key=\"4\">\n\t\t\t\t\t\t\t<sr7-txt id=\"SR7_1_1-4-2\" class=\"sr7-layer\">honlapj\u00e1n<\/sr7-txt>\n\t\t\t\t\t\t\t<sr7-txt id=\"SR7_1_1-4-5\" class=\"sr7-layer\">Szeretettel \u00fcdv\u00f6z\u00f6lj\u00fck a<\/sr7-txt>\n\t\t\t\t\t\t\t<h2 id=\"SR7_1_1-4-6\" class=\"sr7-layer\"> Buda\u00f6rsi Reform\u00e1tus Gy\u00fclekezet<\/h2>\n\t\t\t\t\t\t\t<h4 id=\"SR7_1_1-4-7\" class=\"sr7-layer\">Istentisztelet<\/h4>\n\t\t\t\t\t\t\t<h4 id=\"SR7_1_1-4-8\" class=\"sr7-layer\">minden vas\u00e1rnap 10 \u00f3rakor<\/h4>\n\t\t\t\t\t\t<\/sr7-slide>\n\t\t\t\t\t<\/sr7-content>\n\t\t\t\t\t<image_lists style=\"display:none\">\n\t\t\t\t\t\t<img data-src=\"\/\/budaorsi.reformatus.hu\/wp-content\/uploads\/2025\/03\/templomter-1.png\" data-libid=\"14565\" data-lib=\"medialibrary\" title=\"templomter (1)\" width=\"0\" height=\"0\" data-dbsrc=\"Ly9idWRhb3JzaS5yZWZvcm1hdHVzLmh1L3dwLWNvbnRlbnQvdXBsb2Fkcy8yMDI1LzAzL3RlbXBsb210ZXItMS5wbmc=\"\/>\n\t\t\t\t\t\t<img data-src=\"\/\/budaorsi.reformatus.hu\/wp-content\/uploads\/2025\/03\/2022.11.budaors-templom-114-scaled.jpg\" data-libid=\"14566\" data-lib=\"medialibrary\" title=\"2022.11.budaors-templom-114\" width=\"0\" height=\"0\" data-dbsrc=\"Ly9idWRhb3JzaS5yZWZvcm1hdHVzLmh1L3dwLWNvbnRlbnQvdXBsb2Fkcy8yMDI1LzAzLzIwMjIuMTEuYnVkYW9ycy10ZW1wbG9tLTExNC1zY2FsZWQuanBn\"\/>\n\t\t\t\t\t<\/image_lists>\n\t\t\t\t<\/sr7-module>\n\t\t\t\t<script>\n\t\t\t\t\tSR7.PMH ??={}; SR7.PMH[\"SR7_1_1\"] = {cn:100,state:false,fn: function() { if (_tpt!==undefined && _tpt.prepareModuleHeight !== undefined) {  _tpt.prepareModuleHeight({id:\"SR7_1_1\",el:[750,750,768,770,720],type:'standard',shdw:'0',gh:[750,750,768,770,720],gw:[1400,1400,1024,770,480],vpt:['-100px&#039;,&#039;-100px&#039;,&#039;-100px&#039;,&#039;-100px&#039;,&#039;-100px'],size:{fullWidth:false, fullHeight:false},mh:'0',onh:0,onw:0,bg:{color:'{\"orig\":\"transparent\",\"type\":\"solid\",\"string\":\"transparent\"}'},plType:'0',plColor:'#FFFFFF'});   SR7.PMH[\"SR7_1_1\"].state=true;} else if(SR7.PMH[\"SR7_1_1\"].cn-->0)\tsetTimeout( SR7.PMH[\"SR7_1_1\"].fn,19);}};SR7.PMH[\"SR7_1_1\" ].fn();\n\t\t\t\t<\/script>\n<\/div>\n<\/div><\/div>\n<\/div>\n<\/div>\n<\/div>\n<\/div>\n<\/div>\n<div id=\"cmsmasters_row_lbsbyjdiuo\" class=\"cmsmasters_row cmsmasters_color_scheme_default cmsmasters_row_top_default cmsmasters_row_bot_default cmsmasters_row_boxed\">\n<div class=\"cmsmasters_row_outer_parent\">\n<div class=\"cmsmasters_row_outer\">\n<div class=\"cmsmasters_row_inner\">\n<div class=\"cmsmasters_row_margin\">\n<div id=\"cmsmasters_column_s1ri4sqezb\" class=\"cmsmasters_column one_first\">\n<div class=\"cmsmasters_column_inner\"><div id=\"cmsmasters_heading_hfqyakaxwp\" class=\"cmsmasters_heading_wrap cmsmasters_heading_align_center\">\n\t<h2 class=\"cmsmasters_heading\">Rendszeres alkalmaink<\/h2>\n<\/div>\n<div id=\"cmsmasters_divider_17zefvwsrj\" class=\"cmsmasters_divider cmsmasters_divider_width_long cmsmasters_divider_pos_center\"><\/div>\n<div class=\"aligncenter\"><div class=\"cmsmasters_img  cmsmasters_image_c\"><img decoding=\"async\" src=\"https:\/\/budaorsi.reformatus.hu\/wp-content\/uploads\/2026\/03\/allando-alkalmak-2026-tavasz.png\" \/><\/div><\/div>\n<\/div><\/div>\n<\/div>\n<\/div>\n<\/div>\n<\/div>\n<\/div>\n<div id=\"cmsmasters_row_sb704k2tab\" class=\"cmsmasters_row cmsmasters_color_scheme_default cmsmasters_row_top_default cmsmasters_row_bot_default cmsmasters_row_boxed\">\n<div class=\"cmsmasters_row_outer_parent\">\n<div class=\"cmsmasters_row_outer\">\n<div class=\"cmsmasters_row_inner\">\n<div class=\"cmsmasters_row_margin\">\n<div id=\"cmsmasters_column_7028uln7rt\" class=\"cmsmasters_column one_first\">\n<div class=\"cmsmasters_column_inner\"><div id=\"cmsmasters_heading_iojzme2rfk\" class=\"cmsmasters_heading_wrap cmsmasters_heading_align_center\">\n\t<h2 class=\"cmsmasters_heading\">Kiemelt h\u00edrek<\/h2>\n<\/div>\n<div id=\"cmsmasters_divider_byh1h625k5\" class=\"cmsmasters_divider cmsmasters_divider_width_long cmsmasters_divider_pos_center\"><\/div>\n<div class=\"cmsmasters_posts_slider\" >\r\n\t\t<div id=\"cmsmasters_slider_sc6v3jyg1i\" class=\"cmsmasters_owl_slider owl-carousel\" data-items=\"3\" data-pagination=\"false\" data-navigation=\"true\" data-single-item=\"false\" data-auto-play=\"5000\"><div class=\"cmsmasters_owl_slider_item\"><!--_________________________ Start Posts Slider Post Article _________________________ -->\r\n<article id=\"post-14792\" class=\"cmsmasters_slider_post post-14792 post type-post status-publish format-standard hentry category-egyeb\">\r\n\t<div class=\"cmsmasters_slider_post_outer\">\r\n\t<span class=\"cmsmasters_slider_post_date\"><abbr class=\"published\" title=\"okt\u00f3ber 7, 2025\">okt\u00f3ber 7, 2025<\/abbr><abbr class=\"dn date updated\" title=\"m\u00e1rcius 17, 2026\">m\u00e1rcius 17, 2026<\/abbr><\/span><header class=\"cmsmasters_slider_post_header entry-header\"><h3 class=\"cmsmasters_slider_post_title entry-title\"><a href=\"https:\/\/budaorsi.reformatus.hu\/index.php\/2025\/10\/07\/bucsuistentisztelet-nt-petone-puski-ilona\/\">B\u00facs\u00faistentisztelet &#8211; Nt. Pet\u0151n\u00e9 P\u00fcski Ilona<\/a><\/h3><\/header><figure class=\"cmsmasters_img_rollover_wrap preloader\"><span class=\"img_placeholder cmsmasters_theme_icon_image\"><\/span><a href=\"https:\/\/budaorsi.reformatus.hu\/index.php\/2025\/10\/07\/bucsuistentisztelet-nt-petone-puski-ilona\/\" title=\"B\u00facs\u00faistentisztelet &#8211; Nt. Pet\u0151n\u00e9 P\u00fcski Ilona\" class=\"cmsmasters_open_link\"><\/a><\/figure><a class=\"cmsmasters_slider_post_read_more\" href=\"https:\/\/budaorsi.reformatus.hu\/index.php\/2025\/10\/07\/bucsuistentisztelet-nt-petone-puski-ilona\/\">Tov\u00e1bb a cikkre...<\/a>\t<\/div>\r\n<\/article>\r\n<!--_________________________ Finish Posts Slider Post Article _________________________ -->\r\n\r\n<\/div><div class=\"cmsmasters_owl_slider_item\"><!--_________________________ Start Posts Slider Post Article _________________________ -->\r\n<article id=\"post-85\" class=\"cmsmasters_slider_post post-85 post type-post status-publish format-image has-post-thumbnail hentry category-gyulekezet-templom category-keresztyen-elet post_format-post-format-image\">\r\n\t<div class=\"cmsmasters_slider_post_outer\">\r\n\t<span class=\"cmsmasters_slider_post_date\"><abbr class=\"published\" title=\"j\u00falius 22, 2017\">j\u00falius 22, 2017<\/abbr><abbr class=\"dn date updated\" title=\"okt\u00f3ber 14, 2025\">okt\u00f3ber 14, 2025<\/abbr><\/span><header class=\"cmsmasters_slider_post_header entry-header\"><h3 class=\"cmsmasters_slider_post_title entry-title\"><a href=\"https:\/\/budaorsi.reformatus.hu\/index.php\/2017\/07\/22\/ifi-konfi-hetvege\/\">Ifi-konfi h\u00e9tv\u00e9ge<\/a><\/h3><\/header><figure class=\"cmsmasters_img_rollover_wrap preloader\"><img loading=\"lazy\" decoding=\"async\" width=\"580\" height=\"420\" src=\"https:\/\/budaorsi.reformatus.hu\/wp-content\/uploads\/2025\/03\/templomter-1-580x420.png\" class=\"full-width wp-post-image\" alt=\"Ifi-konfi h\u00e9tv\u00e9ge\" title=\"templomter (1)\" \/><a href=\"https:\/\/budaorsi.reformatus.hu\/index.php\/2017\/07\/22\/ifi-konfi-hetvege\/\" title=\"Ifi-konfi h\u00e9tv\u00e9ge\" class=\"cmsmasters_open_link\"><\/a><\/figure><div class=\"cmsmasters_slider_post_content entry-content\">\n<p>2025. m\u00e1rcius 22-24 k\u00f6z\u00f6tt konfi\/ifi t\u00e1borban voltunk Kisorosziban.<\/p>\n<\/div>\n<a class=\"cmsmasters_slider_post_read_more\" href=\"https:\/\/budaorsi.reformatus.hu\/index.php\/2017\/07\/22\/ifi-konfi-hetvege\/\">Tov\u00e1bb a cikkre...<\/a>\t<\/div>\r\n<\/article>\r\n<!--_________________________ Finish Posts Slider Post Article _________________________ -->\r\n\r\n<\/div><\/div><\/div>\n<\/div><\/div>\n<\/div>\n<\/div>\n<\/div>\n<\/div>\n<\/div>\n<div id=\"cmsmasters_row_p9kmls177g\" class=\"cmsmasters_row cmsmasters_color_scheme_default cmsmasters_row_top_default cmsmasters_row_bot_default cmsmasters_row_boxed\">\n<div class=\"cmsmasters_row_outer_parent\">\n<div class=\"cmsmasters_row_outer\">\n<div class=\"cmsmasters_row_inner\">\n<div class=\"cmsmasters_row_margin\">\n<div id=\"cmsmasters_column_n5nzefylc3\" class=\"cmsmasters_column one_first\">\n<div class=\"cmsmasters_column_inner\"><div id=\"cmsmasters_heading_omqghprz49\" class=\"cmsmasters_heading_wrap cmsmasters_heading_align_center\">\n\t<h2 class=\"cmsmasters_heading\">K\u00f6zelg\u0151 esem\u00e9nyek<\/h2>\n<\/div>\n<div id=\"cmsmasters_divider_6vu9qobsn3\" class=\"cmsmasters_divider cmsmasters_divider_width_long cmsmasters_divider_pos_center\"><\/div>\n<div class=\"cmsmasters_posts_slider\" >\r\n\t\t<div id=\"cmsmasters_slider_tlz5axuqk\" class=\"cmsmasters_owl_slider owl-carousel\" data-items=\"3\" data-pagination=\"false\" data-navigation=\"true\" data-single-item=\"false\" data-auto-play=\"5000\"><div class=\"cmsmasters_owl_slider_item\"><!--_________________________ Start Posts Slider Post Article _________________________ -->\r\n<article id=\"post-14955\" class=\"cmsmasters_slider_post post-14955 post type-post status-publish format-standard has-post-thumbnail hentry category-esemeny\">\r\n\t<div class=\"cmsmasters_slider_post_outer\">\r\n\t<header class=\"cmsmasters_slider_post_header entry-header\"><h3 class=\"cmsmasters_slider_post_title entry-title\"><a href=\"https:\/\/budaorsi.reformatus.hu\/index.php\/2026\/03\/17\/gyulekezeti-tabor\/\">Gy\u00fclekezeti t\u00e1bor<\/a><\/h3><\/header><figure class=\"cmsmasters_img_rollover_wrap preloader\"><img loading=\"lazy\" decoding=\"async\" width=\"580\" height=\"420\" src=\"https:\/\/budaorsi.reformatus.hu\/wp-content\/uploads\/2026\/03\/gyulekezeti-tabor-580x420.png\" class=\"full-width wp-post-image\" alt=\"Gy\u00fclekezeti t\u00e1bor\" title=\"gyulekezeti-tabor\" \/><a href=\"https:\/\/budaorsi.reformatus.hu\/index.php\/2026\/03\/17\/gyulekezeti-tabor\/\" title=\"Gy\u00fclekezeti t\u00e1bor\" class=\"cmsmasters_open_link\"><\/a><\/figure><div class=\"cmsmasters_slider_post_content entry-content\">\n<p>Gy\u00fclekezeti t\u00e1bor 2026.07.06-10<\/p>\n<\/div>\n<a class=\"cmsmasters_slider_post_read_more\" href=\"https:\/\/budaorsi.reformatus.hu\/index.php\/2026\/03\/17\/gyulekezeti-tabor\/\">Tov\u00e1bb az esem\u00e9nyre...<\/a>\t<\/div>\r\n<\/article>\r\n<!--_________________________ Finish Posts Slider Post Article _________________________ -->\r\n\r\n<\/div><\/div><\/div>\n<\/div><\/div>\n<\/div>\n<\/div>\n<\/div>\n<\/div>\n<\/div>\n\n","protected":false},"excerpt":{"rendered":"","protected":false},"author":1,"featured_media":0,"parent":0,"menu_order":0,"comment_status":"closed","ping_status":"closed","template":"","meta":{"footnotes":""},"class_list":["post-7366","page","type-page","status-publish","hentry"],"_links":{"self":[{"href":"https:\/\/budaorsi.reformatus.hu\/index.php\/wp-json\/wp\/v2\/pages\/7366","targetHints":{"allow":["GET"]}}],"collection":[{"href":"https:\/\/budaorsi.reformatus.hu\/index.php\/wp-json\/wp\/v2\/pages"}],"about":[{"href":"https:\/\/budaorsi.reformatus.hu\/index.php\/wp-json\/wp\/v2\/types\/page"}],"author":[{"embeddable":true,"href":"https:\/\/budaorsi.reformatus.hu\/index.php\/wp-json\/wp\/v2\/users\/1"}],"replies":[{"embeddable":true,"href":"https:\/\/budaorsi.reformatus.hu\/index.php\/wp-json\/wp\/v2\/comments?post=7366"}],"version-history":[{"count":53,"href":"https:\/\/budaorsi.reformatus.hu\/index.php\/wp-json\/wp\/v2\/pages\/7366\/revisions"}],"predecessor-version":[{"id":14969,"href":"https:\/\/budaorsi.reformatus.hu\/index.php\/wp-json\/wp\/v2\/pages\/7366\/revisions\/14969"}],"wp:attachment":[{"href":"https:\/\/budaorsi.reformatus.hu\/index.php\/wp-json\/wp\/v2\/media?parent=7366"}],"curies":[{"name":"wp","href":"https:\/\/api.w.org\/{rel}","templated":true}]}}